{"id":8419,"date":"2019-02-19T15:12:37","date_gmt":"2019-02-19T14:12:37","guid":{"rendered":"https:\/\/junge-erwachsene-mit-krebs.de\/home\/"},"modified":"2025-12-30T09:24:35","modified_gmt":"2025-12-30T08:24:35","slug":"home","status":"publish","type":"page","link":"https:\/\/junge-erwachsene-mit-krebs.de\/en\/","title":{"rendered":"Home"},"content":{"rendered":"<div id=\"slider-block_b4d8080da6fa6920fcbc4ff452efb674\" class=\"sliderblock_area alignfull\">\n  <div class=\"slider sliderblock\">\n  \t\t<div class=\"slides\">\n\t\t\t        <div class=\"slides_container\" style=\"height: 500px !important;\">          <img decoding=\"async\" class=\"slides_image\" src=\"https:\/\/junge-erwachsene-mit-krebs.de\/wp-content\/uploads\/2025\/12\/Bildschirmfoto-2025-12-22-um-09.31.28.png\"\n           srcset=\"https:\/\/junge-erwachsene-mit-krebs.de\/wp-content\/uploads\/2025\/12\/Bildschirmfoto-2025-12-22-um-09.31.28-1030x537.png 920w, https:\/\/junge-erwachsene-mit-krebs.de\/wp-content\/uploads\/2025\/12\/Bildschirmfoto-2025-12-22-um-09.31.28.png 1920w\"\n           sizes=\"(max-width: 920px) 920px, 100vw\"\n           alt=\"\"\n           style=\"object-fit: cover;\n           object-position: center; \">\n                      <div class=\"sliderblock_infoblock_area middle\" style=\"max-width: unset%;\">\n              <div class=\"sliderblock_infoblock\">\n                <h1 class=\"sliderblock_headline\">We stand by young adults with cancer.<\/h1>\n                              <\/div>\n            <\/div>         <\/div>\n\n\t\t\t\t\t<\/div>\n\t  <\/div>\n<\/div>\n\n\n\n    <div id=\"contenttextblock-block_42031637ab530b2c5341a8635227a8ba\" class=\"contenttextblock_container alignfull no_introtext normal\">\n      <div class=\"main_content\">\n                <div class=\"contenttextblock_content\"><p>&nbsp;<\/p>\n<p class=\"p1\">The German Foundation for Young Adults with Cancer supports young people aged 18 to 39 affected by cancer. It also serves as a trusted point of contact for families, healthcare professionals, researchers, policymakers and the wider public. In close collaboration with young adults, medical specialists and experts from different fields, we develop <strong>practical support services<\/strong>, provide <strong>reliable information<\/strong> on the topic Young &amp; Cancer, and award <strong>annual research scholarships <\/strong>to promote studies and projects that improve care for young adults with cancer. The Foundation also engages in <strong>policy advocacy<\/strong> to improve and strengthen comprehensive care structures and enhance long-term support.<\/p>\n<p class=\"p1\">Founded in 2014 by the German Society for Haematology and Medical Oncology e.V. (DGHO), the Foundation is a registered non-profit organisation funded mainly through donations.<\/p>\n<p class=\"p1\"><em>**Note: All of our programmes and materials are primarily in German and aimed at a German-speaking audience. However, we are happy to answer questions in English via email or phone.<\/em><\/p>\n<p>&nbsp;<\/p>\n<\/div>\n      <\/div>\n    <\/div>\n","protected":false},"excerpt":{"rendered":"","protected":false},"author":1,"featured_media":0,"parent":0,"menu_order":0,"comment_status":"closed","ping_status":"closed","template":"","meta":{"_acf_changed":false,"give_campaign_id":0,"neve_meta_sidebar":"","neve_meta_container":"","neve_meta_enable_content_width":"off","neve_meta_content_width":100,"neve_meta_title_alignment":"","neve_meta_author_avatar":"","neve_post_elements_order":"","neve_meta_disable_header":"","neve_meta_disable_footer":"","neve_meta_disable_title":"on","neve_meta_reading_time":"","footnotes":""},"class_list":["post-8419","page","type-page","status-publish","hentry"],"acf":[],"yoast_head":"<!-- This site is optimized with the Yoast SEO plugin v27.3 - https:\/\/yoast.com\/product\/yoast-seo-wordpress\/ -->\n<title>Home - DSFJEMK<\/title>\n<meta name=\"description\" content=\"Pro Jahr erkranken etwa 15 000 junge Menschen zwischen 18 und 39 Jahren an Krebs. Die Stiftung ist Ansprechpartnerin f\u00fcr alle Fragen von Betroffenen.\" \/>\n<meta name=\"robots\" content=\"index, follow, max-snippet:-1, max-image-preview:large, max-video-preview:-1\" \/>\n<link rel=\"canonical\" href=\"https:\/\/junge-erwachsene-mit-krebs.de\/en\/\" \/>\n<meta property=\"og:locale\" content=\"en_US\" \/>\n<meta property=\"og:type\" content=\"article\" \/>\n<meta property=\"og:title\" content=\"Deutsche Stiftung f\u00fcr junge Erwachsene mit Krebs\" \/>\n<meta property=\"og:description\" content=\"Pro Jahr erkranken etwa 15 000 junge Menschen zwischen 18 und 39 Jahren an Krebs. Die Deutsche Stiftung f\u00fcr junge Erwachsene mit Krebs ist Ansprechpartnerin f\u00fcr alle Fragen von Betroffenen, Angeh\u00f6rigen, Wissenschaftlern, Unterst\u00fctzern und der \u00d6ffentlichkeit.\" \/>\n<meta property=\"og:url\" content=\"https:\/\/junge-erwachsene-mit-krebs.de\/en\/\" \/>\n<meta property=\"og:site_name\" content=\"DSFJEMK\" \/>\n<meta property=\"article:modified_time\" content=\"2025-12-30T08:24:35+00:00\" \/>\n<meta property=\"og:image\" content=\"https:\/\/junge-erwachsene-mit-krebs.de\/wp-content\/uploads\/2018\/10\/Startseiten-Header-2-e1540391378335.png\" \/>\n\t<meta property=\"og:image:width\" content=\"1372\" \/>\n\t<meta property=\"og:image:height\" content=\"719\" \/>\n\t<meta property=\"og:image:type\" content=\"image\/png\" \/>\n<meta name=\"twitter:card\" content=\"summary_large_image\" \/>\n<meta name=\"twitter:title\" content=\"Deutsche Stiftung f\u00fcr junge Erwachsene mit Krebs\" \/>\n<meta name=\"twitter:description\" content=\"Pro Jahr erkranken etwa 16 500 junge Menschen zwischen 18 und 39 Jahren an Krebs. Die Deutsche Stiftung f\u00fcr junge Erwachsene mit Krebs ist Ansprechpartnerin f\u00fcr alle Fragen von Betroffenen, Angeh\u00f6rigen, Wissenschaftlern, Unterst\u00fctzern und der \u00d6ffentlichkeit.\" \/>\n<script type=\"application\/ld+json\" class=\"yoast-schema-graph\">{\"@context\":\"https:\\\/\\\/schema.org\",\"@graph\":[{\"@type\":\"WebPage\",\"@id\":\"https:\\\/\\\/junge-erwachsene-mit-krebs.de\\\/en\\\/\",\"url\":\"https:\\\/\\\/junge-erwachsene-mit-krebs.de\\\/en\\\/\",\"name\":\"Home - DSFJEMK\",\"isPartOf\":{\"@id\":\"https:\\\/\\\/junge-erwachsene-mit-krebs.de\\\/#website\"},\"datePublished\":\"2019-02-19T14:12:37+00:00\",\"dateModified\":\"2025-12-30T08:24:35+00:00\",\"description\":\"Pro Jahr erkranken etwa 15 000 junge Menschen zwischen 18 und 39 Jahren an Krebs. Die Stiftung ist Ansprechpartnerin f\u00fcr alle Fragen von Betroffenen.\",\"breadcrumb\":{\"@id\":\"https:\\\/\\\/junge-erwachsene-mit-krebs.de\\\/en\\\/#breadcrumb\"},\"inLanguage\":\"en-US\",\"potentialAction\":[{\"@type\":\"ReadAction\",\"target\":[\"https:\\\/\\\/junge-erwachsene-mit-krebs.de\\\/en\\\/\"]}]},{\"@type\":\"BreadcrumbList\",\"@id\":\"https:\\\/\\\/junge-erwachsene-mit-krebs.de\\\/en\\\/#breadcrumb\",\"itemListElement\":[{\"@type\":\"ListItem\",\"position\":1,\"name\":\"Startseite\",\"item\":\"https:\\\/\\\/junge-erwachsene-mit-krebs.de\\\/en\\\/\"},{\"@type\":\"ListItem\",\"position\":2,\"name\":\"Home\"}]},{\"@type\":\"WebSite\",\"@id\":\"https:\\\/\\\/junge-erwachsene-mit-krebs.de\\\/#website\",\"url\":\"https:\\\/\\\/junge-erwachsene-mit-krebs.de\\\/\",\"name\":\"DSFJEMK\",\"description\":\"Deutsche Stiftung f\u00fcr junge Erwachsene mit Krebs\",\"publisher\":{\"@id\":\"https:\\\/\\\/junge-erwachsene-mit-krebs.de\\\/#organization\"},\"potentialAction\":[{\"@type\":\"SearchAction\",\"target\":{\"@type\":\"EntryPoint\",\"urlTemplate\":\"https:\\\/\\\/junge-erwachsene-mit-krebs.de\\\/?s={search_term_string}\"},\"query-input\":{\"@type\":\"PropertyValueSpecification\",\"valueRequired\":true,\"valueName\":\"search_term_string\"}}],\"inLanguage\":\"en-US\"},{\"@type\":\"Organization\",\"@id\":\"https:\\\/\\\/junge-erwachsene-mit-krebs.de\\\/#organization\",\"name\":\"Deutsche Stiftung f\u00fcr junge Erwachsene mit Krebs\",\"url\":\"https:\\\/\\\/junge-erwachsene-mit-krebs.de\\\/\",\"logo\":{\"@type\":\"ImageObject\",\"inLanguage\":\"en-US\",\"@id\":\"https:\\\/\\\/junge-erwachsene-mit-krebs.de\\\/#\\\/schema\\\/logo\\\/image\\\/\",\"url\":\"https:\\\/\\\/junge-erwachsene-mit-krebs.de\\\/wp-content\\\/uploads\\\/2018\\\/09\\\/Logo_DSfjEmK-2018.jpg\",\"contentUrl\":\"https:\\\/\\\/junge-erwachsene-mit-krebs.de\\\/wp-content\\\/uploads\\\/2018\\\/09\\\/Logo_DSfjEmK-2018.jpg\",\"width\":1000,\"height\":1000,\"caption\":\"Deutsche Stiftung f\u00fcr junge Erwachsene mit Krebs\"},\"image\":{\"@id\":\"https:\\\/\\\/junge-erwachsene-mit-krebs.de\\\/#\\\/schema\\\/logo\\\/image\\\/\"}}]}<\/script>\n<!-- \/ Yoast SEO plugin. -->","yoast_head_json":{"title":"Home - DSFJEMK","description":"Pro Jahr erkranken etwa 15 000 junge Menschen zwischen 18 und 39 Jahren an Krebs. Die Stiftung ist Ansprechpartnerin f\u00fcr alle Fragen von Betroffenen.","robots":{"index":"index","follow":"follow","max-snippet":"max-snippet:-1","max-image-preview":"max-image-preview:large","max-video-preview":"max-video-preview:-1"},"canonical":"https:\/\/junge-erwachsene-mit-krebs.de\/en\/","og_locale":"en_US","og_type":"article","og_title":"Deutsche Stiftung f\u00fcr junge Erwachsene mit Krebs","og_description":"Pro Jahr erkranken etwa 15 000 junge Menschen zwischen 18 und 39 Jahren an Krebs. Die Deutsche Stiftung f\u00fcr junge Erwachsene mit Krebs ist Ansprechpartnerin f\u00fcr alle Fragen von Betroffenen, Angeh\u00f6rigen, Wissenschaftlern, Unterst\u00fctzern und der \u00d6ffentlichkeit.","og_url":"https:\/\/junge-erwachsene-mit-krebs.de\/en\/","og_site_name":"DSFJEMK","article_modified_time":"2025-12-30T08:24:35+00:00","og_image":[{"width":1372,"height":719,"url":"https:\/\/junge-erwachsene-mit-krebs.de\/wp-content\/uploads\/2018\/10\/Startseiten-Header-2-e1540391378335.png","type":"image\/png"}],"twitter_card":"summary_large_image","twitter_title":"Deutsche Stiftung f\u00fcr junge Erwachsene mit Krebs","twitter_description":"Pro Jahr erkranken etwa 16 500 junge Menschen zwischen 18 und 39 Jahren an Krebs. Die Deutsche Stiftung f\u00fcr junge Erwachsene mit Krebs ist Ansprechpartnerin f\u00fcr alle Fragen von Betroffenen, Angeh\u00f6rigen, Wissenschaftlern, Unterst\u00fctzern und der \u00d6ffentlichkeit.","schema":{"@context":"https:\/\/schema.org","@graph":[{"@type":"WebPage","@id":"https:\/\/junge-erwachsene-mit-krebs.de\/en\/","url":"https:\/\/junge-erwachsene-mit-krebs.de\/en\/","name":"Home - DSFJEMK","isPartOf":{"@id":"https:\/\/junge-erwachsene-mit-krebs.de\/#website"},"datePublished":"2019-02-19T14:12:37+00:00","dateModified":"2025-12-30T08:24:35+00:00","description":"Pro Jahr erkranken etwa 15 000 junge Menschen zwischen 18 und 39 Jahren an Krebs. Die Stiftung ist Ansprechpartnerin f\u00fcr alle Fragen von Betroffenen.","breadcrumb":{"@id":"https:\/\/junge-erwachsene-mit-krebs.de\/en\/#breadcrumb"},"inLanguage":"en-US","potentialAction":[{"@type":"ReadAction","target":["https:\/\/junge-erwachsene-mit-krebs.de\/en\/"]}]},{"@type":"BreadcrumbList","@id":"https:\/\/junge-erwachsene-mit-krebs.de\/en\/#breadcrumb","itemListElement":[{"@type":"ListItem","position":1,"name":"Startseite","item":"https:\/\/junge-erwachsene-mit-krebs.de\/en\/"},{"@type":"ListItem","position":2,"name":"Home"}]},{"@type":"WebSite","@id":"https:\/\/junge-erwachsene-mit-krebs.de\/#website","url":"https:\/\/junge-erwachsene-mit-krebs.de\/","name":"DSFJEMK","description":"Deutsche Stiftung f\u00fcr junge Erwachsene mit Krebs","publisher":{"@id":"https:\/\/junge-erwachsene-mit-krebs.de\/#organization"},"potentialAction":[{"@type":"SearchAction","target":{"@type":"EntryPoint","urlTemplate":"https:\/\/junge-erwachsene-mit-krebs.de\/?s={search_term_string}"},"query-input":{"@type":"PropertyValueSpecification","valueRequired":true,"valueName":"search_term_string"}}],"inLanguage":"en-US"},{"@type":"Organization","@id":"https:\/\/junge-erwachsene-mit-krebs.de\/#organization","name":"Deutsche Stiftung f\u00fcr junge Erwachsene mit Krebs","url":"https:\/\/junge-erwachsene-mit-krebs.de\/","logo":{"@type":"ImageObject","inLanguage":"en-US","@id":"https:\/\/junge-erwachsene-mit-krebs.de\/#\/schema\/logo\/image\/","url":"https:\/\/junge-erwachsene-mit-krebs.de\/wp-content\/uploads\/2018\/09\/Logo_DSfjEmK-2018.jpg","contentUrl":"https:\/\/junge-erwachsene-mit-krebs.de\/wp-content\/uploads\/2018\/09\/Logo_DSfjEmK-2018.jpg","width":1000,"height":1000,"caption":"Deutsche Stiftung f\u00fcr junge Erwachsene mit Krebs"},"image":{"@id":"https:\/\/junge-erwachsene-mit-krebs.de\/#\/schema\/logo\/image\/"}}]}},"campaignId":"0","_links":{"self":[{"href":"https:\/\/junge-erwachsene-mit-krebs.de\/en\/wp-json\/wp\/v2\/pages\/8419","targetHints":{"allow":["GET"]}}],"collection":[{"href":"https:\/\/junge-erwachsene-mit-krebs.de\/en\/wp-json\/wp\/v2\/pages"}],"about":[{"href":"https:\/\/junge-erwachsene-mit-krebs.de\/en\/wp-json\/wp\/v2\/types\/page"}],"author":[{"embeddable":true,"href":"https:\/\/junge-erwachsene-mit-krebs.de\/en\/wp-json\/wp\/v2\/users\/1"}],"replies":[{"embeddable":true,"href":"https:\/\/junge-erwachsene-mit-krebs.de\/en\/wp-json\/wp\/v2\/comments?post=8419"}],"version-history":[{"count":18,"href":"https:\/\/junge-erwachsene-mit-krebs.de\/en\/wp-json\/wp\/v2\/pages\/8419\/revisions"}],"predecessor-version":[{"id":31238,"href":"https:\/\/junge-erwachsene-mit-krebs.de\/en\/wp-json\/wp\/v2\/pages\/8419\/revisions\/31238"}],"wp:attachment":[{"href":"https:\/\/junge-erwachsene-mit-krebs.de\/en\/wp-json\/wp\/v2\/media?parent=8419"}],"curies":[{"name":"wp","href":"https:\/\/api.w.org\/{rel}","templated":true}]}}