{"id":21851,"date":"2018-07-30T20:54:46","date_gmt":"2018-07-30T18:54:46","guid":{"rendered":"https:\/\/junge-erwachsene-mit-krebs.de\/jung-und-krebs\/"},"modified":"2025-04-04T13:34:06","modified_gmt":"2025-04-04T11:34:06","slug":"jung-und-krebs","status":"publish","type":"page","link":"https:\/\/junge-erwachsene-mit-krebs.de\/ls\/jung-und-krebs\/","title":{"rendered":"F\u00fcr Betroffene"},"content":{"rendered":"\n    <div id=\"contenttextblock-block_971d3cc416b96627806807c822fcd433\" class=\"contenttextblock_container alignfull no_introtext normal\">\n      <div class=\"main_content\">\n                <div class=\"contenttextblock_content\"><p>Diagnose Krebs: was nun?<\/p>\n<p>Die <strong>Deutsche Stiftung f\u00fcr junge Erwachsene mit Krebs<\/strong> bietet jungen Krebsbetroffenen im Alter zwischen 18 und 39 Jahren eine Vielzahl an Unterst\u00fctzungs- und Hilfsangeboten, Tipps und Tricks im Umgang mit der Diagnose in der Zeit der Therapie und danach sowie Vernetzung mit anderen Betroffenen im gleichen Alter.<\/p>\n<\/div>\n      <\/div>\n    <\/div>\n\n\n<div class=\"boxoverview-block-container boxoverview-block_7659f087f1643e88995e111cc1bc12d1  alignfull\">\n  <div class=\"boxoverview-area\">\n        <div class=\"boxoverview_verlinkungscontainer\">          <div class=\"boxoverview-block\">\n                    \t\t<div class=\"boxoverview-block_7659f087f1643e88995e111cc1bc12d1 boxoverview no_symbol\">Wissen f\u00fcr Dich<\/div>\n        \t\t<div class=\"boxoverview_content\">Die Wissensseite bietet umfangreiche Informationen rund um die Diagnose Krebs und die damit verbundene Lebenssituation.<\/div>\n                            <a class=\"content_link\" href=\"https:\/\/junge-erwachsene-mit-krebs.de\/ls\/wissen\/\" target=\"\">Mehr erfahren<\/a>\n                          <\/div>\n      \t\t    <\/div>\n      <\/div>\n<\/div>\n","protected":false},"excerpt":{"rendered":"","protected":false},"author":1,"featured_media":0,"parent":0,"menu_order":0,"comment_status":"closed","ping_status":"closed","template":"template-uebersicht.php","meta":{"_acf_changed":false,"give_campaign_id":0,"neve_meta_sidebar":"","neve_meta_container":"","neve_meta_enable_content_width":"","neve_meta_content_width":0,"neve_meta_title_alignment":"","neve_meta_author_avatar":"","neve_post_elements_order":"","neve_meta_disable_header":"","neve_meta_disable_footer":"","neve_meta_disable_title":"","neve_meta_reading_time":"","footnotes":""},"class_list":["post-21851","page","type-page","status-publish","hentry"],"acf":[],"yoast_head":"<!-- This site is optimized with the Yoast SEO plugin v27.3 - https:\/\/yoast.com\/product\/yoast-seo-wordpress\/ -->\n<title>F\u00fcr Betroffene - DSFJEMK<\/title>\n<meta name=\"description\" content=\"Diagnose Krebs: was nun? Die Deutsche Stiftung f\u00fcr junge Erwachsene mit Krebs bietet eine Vielzahl an Hilfsangeboten f\u00fcr junge Krebsbetroffene.\" \/>\n<meta name=\"robots\" content=\"index, follow, max-snippet:-1, max-image-preview:large, max-video-preview:-1\" \/>\n<link rel=\"canonical\" href=\"https:\/\/junge-erwachsene-mit-krebs.de\/ls\/jung-und-krebs\/\" \/>\n<meta property=\"og:locale\" content=\"de_DE\" \/>\n<meta property=\"og:type\" content=\"article\" \/>\n<meta property=\"og:title\" content=\"F\u00fcr Betroffene - DSFJEMK\" \/>\n<meta property=\"og:description\" content=\"Diagnose Krebs: was nun? Die Deutsche Stiftung f\u00fcr junge Erwachsene mit Krebs bietet eine Vielzahl an Hilfsangeboten f\u00fcr junge Krebsbetroffene.\" \/>\n<meta property=\"og:url\" content=\"https:\/\/junge-erwachsene-mit-krebs.de\/ls\/jung-und-krebs\/\" \/>\n<meta property=\"og:site_name\" content=\"DSFJEMK\" \/>\n<meta property=\"article:modified_time\" content=\"2025-04-04T11:34:06+00:00\" \/>\n<meta name=\"twitter:card\" content=\"summary_large_image\" \/>\n<script type=\"application\/ld+json\" class=\"yoast-schema-graph\">{\"@context\":\"https:\\\/\\\/schema.org\",\"@graph\":[{\"@type\":\"WebPage\",\"@id\":\"https:\\\/\\\/junge-erwachsene-mit-krebs.de\\\/ls\\\/jung-und-krebs\\\/\",\"url\":\"https:\\\/\\\/junge-erwachsene-mit-krebs.de\\\/ls\\\/jung-und-krebs\\\/\",\"name\":\"F\u00fcr Betroffene - DSFJEMK\",\"isPartOf\":{\"@id\":\"https:\\\/\\\/junge-erwachsene-mit-krebs.de\\\/#website\"},\"datePublished\":\"2018-07-30T18:54:46+00:00\",\"dateModified\":\"2025-04-04T11:34:06+00:00\",\"description\":\"Diagnose Krebs: was nun? Die Deutsche Stiftung f\u00fcr junge Erwachsene mit Krebs bietet eine Vielzahl an Hilfsangeboten f\u00fcr junge Krebsbetroffene.\",\"breadcrumb\":{\"@id\":\"https:\\\/\\\/junge-erwachsene-mit-krebs.de\\\/ls\\\/jung-und-krebs\\\/#breadcrumb\"},\"inLanguage\":\"de-LS\",\"potentialAction\":[{\"@type\":\"ReadAction\",\"target\":[\"https:\\\/\\\/junge-erwachsene-mit-krebs.de\\\/ls\\\/jung-und-krebs\\\/\"]}]},{\"@type\":\"BreadcrumbList\",\"@id\":\"https:\\\/\\\/junge-erwachsene-mit-krebs.de\\\/ls\\\/jung-und-krebs\\\/#breadcrumb\",\"itemListElement\":[{\"@type\":\"ListItem\",\"position\":1,\"name\":\"Startseite\",\"item\":\"https:\\\/\\\/junge-erwachsene-mit-krebs.de\\\/ls\\\/\"},{\"@type\":\"ListItem\",\"position\":2,\"name\":\"F\u00fcr Betroffene\"}]},{\"@type\":\"WebSite\",\"@id\":\"https:\\\/\\\/junge-erwachsene-mit-krebs.de\\\/#website\",\"url\":\"https:\\\/\\\/junge-erwachsene-mit-krebs.de\\\/\",\"name\":\"DSFJEMK\",\"description\":\"Deutsche Stiftung f\u00fcr junge Erwachsene mit Krebs\",\"publisher\":{\"@id\":\"https:\\\/\\\/junge-erwachsene-mit-krebs.de\\\/#organization\"},\"potentialAction\":[{\"@type\":\"SearchAction\",\"target\":{\"@type\":\"EntryPoint\",\"urlTemplate\":\"https:\\\/\\\/junge-erwachsene-mit-krebs.de\\\/?s={search_term_string}\"},\"query-input\":{\"@type\":\"PropertyValueSpecification\",\"valueRequired\":true,\"valueName\":\"search_term_string\"}}],\"inLanguage\":\"de-LS\"},{\"@type\":\"Organization\",\"@id\":\"https:\\\/\\\/junge-erwachsene-mit-krebs.de\\\/#organization\",\"name\":\"Deutsche Stiftung f\u00fcr junge Erwachsene mit Krebs\",\"url\":\"https:\\\/\\\/junge-erwachsene-mit-krebs.de\\\/\",\"logo\":{\"@type\":\"ImageObject\",\"inLanguage\":\"de-LS\",\"@id\":\"https:\\\/\\\/junge-erwachsene-mit-krebs.de\\\/#\\\/schema\\\/logo\\\/image\\\/\",\"url\":\"https:\\\/\\\/junge-erwachsene-mit-krebs.de\\\/wp-content\\\/uploads\\\/2018\\\/09\\\/Logo_DSfjEmK-2018.jpg\",\"contentUrl\":\"https:\\\/\\\/junge-erwachsene-mit-krebs.de\\\/wp-content\\\/uploads\\\/2018\\\/09\\\/Logo_DSfjEmK-2018.jpg\",\"width\":1000,\"height\":1000,\"caption\":\"Deutsche Stiftung f\u00fcr junge Erwachsene mit Krebs\"},\"image\":{\"@id\":\"https:\\\/\\\/junge-erwachsene-mit-krebs.de\\\/#\\\/schema\\\/logo\\\/image\\\/\"}}]}<\/script>\n<!-- \/ Yoast SEO plugin. -->","yoast_head_json":{"title":"F\u00fcr Betroffene - DSFJEMK","description":"Diagnose Krebs: was nun? Die Deutsche Stiftung f\u00fcr junge Erwachsene mit Krebs bietet eine Vielzahl an Hilfsangeboten f\u00fcr junge Krebsbetroffene.","robots":{"index":"index","follow":"follow","max-snippet":"max-snippet:-1","max-image-preview":"max-image-preview:large","max-video-preview":"max-video-preview:-1"},"canonical":"https:\/\/junge-erwachsene-mit-krebs.de\/ls\/jung-und-krebs\/","og_locale":"de_DE","og_type":"article","og_title":"F\u00fcr Betroffene - DSFJEMK","og_description":"Diagnose Krebs: was nun? Die Deutsche Stiftung f\u00fcr junge Erwachsene mit Krebs bietet eine Vielzahl an Hilfsangeboten f\u00fcr junge Krebsbetroffene.","og_url":"https:\/\/junge-erwachsene-mit-krebs.de\/ls\/jung-und-krebs\/","og_site_name":"DSFJEMK","article_modified_time":"2025-04-04T11:34:06+00:00","twitter_card":"summary_large_image","schema":{"@context":"https:\/\/schema.org","@graph":[{"@type":"WebPage","@id":"https:\/\/junge-erwachsene-mit-krebs.de\/ls\/jung-und-krebs\/","url":"https:\/\/junge-erwachsene-mit-krebs.de\/ls\/jung-und-krebs\/","name":"F\u00fcr Betroffene - DSFJEMK","isPartOf":{"@id":"https:\/\/junge-erwachsene-mit-krebs.de\/#website"},"datePublished":"2018-07-30T18:54:46+00:00","dateModified":"2025-04-04T11:34:06+00:00","description":"Diagnose Krebs: was nun? Die Deutsche Stiftung f\u00fcr junge Erwachsene mit Krebs bietet eine Vielzahl an Hilfsangeboten f\u00fcr junge Krebsbetroffene.","breadcrumb":{"@id":"https:\/\/junge-erwachsene-mit-krebs.de\/ls\/jung-und-krebs\/#breadcrumb"},"inLanguage":"de-LS","potentialAction":[{"@type":"ReadAction","target":["https:\/\/junge-erwachsene-mit-krebs.de\/ls\/jung-und-krebs\/"]}]},{"@type":"BreadcrumbList","@id":"https:\/\/junge-erwachsene-mit-krebs.de\/ls\/jung-und-krebs\/#breadcrumb","itemListElement":[{"@type":"ListItem","position":1,"name":"Startseite","item":"https:\/\/junge-erwachsene-mit-krebs.de\/ls\/"},{"@type":"ListItem","position":2,"name":"F\u00fcr Betroffene"}]},{"@type":"WebSite","@id":"https:\/\/junge-erwachsene-mit-krebs.de\/#website","url":"https:\/\/junge-erwachsene-mit-krebs.de\/","name":"DSFJEMK","description":"Deutsche Stiftung f\u00fcr junge Erwachsene mit Krebs","publisher":{"@id":"https:\/\/junge-erwachsene-mit-krebs.de\/#organization"},"potentialAction":[{"@type":"SearchAction","target":{"@type":"EntryPoint","urlTemplate":"https:\/\/junge-erwachsene-mit-krebs.de\/?s={search_term_string}"},"query-input":{"@type":"PropertyValueSpecification","valueRequired":true,"valueName":"search_term_string"}}],"inLanguage":"de-LS"},{"@type":"Organization","@id":"https:\/\/junge-erwachsene-mit-krebs.de\/#organization","name":"Deutsche Stiftung f\u00fcr junge Erwachsene mit Krebs","url":"https:\/\/junge-erwachsene-mit-krebs.de\/","logo":{"@type":"ImageObject","inLanguage":"de-LS","@id":"https:\/\/junge-erwachsene-mit-krebs.de\/#\/schema\/logo\/image\/","url":"https:\/\/junge-erwachsene-mit-krebs.de\/wp-content\/uploads\/2018\/09\/Logo_DSfjEmK-2018.jpg","contentUrl":"https:\/\/junge-erwachsene-mit-krebs.de\/wp-content\/uploads\/2018\/09\/Logo_DSfjEmK-2018.jpg","width":1000,"height":1000,"caption":"Deutsche Stiftung f\u00fcr junge Erwachsene mit Krebs"},"image":{"@id":"https:\/\/junge-erwachsene-mit-krebs.de\/#\/schema\/logo\/image\/"}}]}},"campaignId":"0","_links":{"self":[{"href":"https:\/\/junge-erwachsene-mit-krebs.de\/ls\/wp-json\/wp\/v2\/pages\/21851","targetHints":{"allow":["GET"]}}],"collection":[{"href":"https:\/\/junge-erwachsene-mit-krebs.de\/ls\/wp-json\/wp\/v2\/pages"}],"about":[{"href":"https:\/\/junge-erwachsene-mit-krebs.de\/ls\/wp-json\/wp\/v2\/types\/page"}],"author":[{"embeddable":true,"href":"https:\/\/junge-erwachsene-mit-krebs.de\/ls\/wp-json\/wp\/v2\/users\/1"}],"replies":[{"embeddable":true,"href":"https:\/\/junge-erwachsene-mit-krebs.de\/ls\/wp-json\/wp\/v2\/comments?post=21851"}],"version-history":[{"count":0,"href":"https:\/\/junge-erwachsene-mit-krebs.de\/ls\/wp-json\/wp\/v2\/pages\/21851\/revisions"}],"wp:attachment":[{"href":"https:\/\/junge-erwachsene-mit-krebs.de\/ls\/wp-json\/wp\/v2\/media?parent=21851"}],"curies":[{"name":"wp","href":"https:\/\/api.w.org\/{rel}","templated":true}]}}