{"id":21857,"date":"2018-07-30T20:55:16","date_gmt":"2018-07-30T18:55:16","guid":{"rendered":"https:\/\/junge-erwachsene-mit-krebs.de\/aktuelles\/"},"modified":"2025-06-05T15:30:33","modified_gmt":"2025-06-05T13:30:33","slug":"aktuelles","status":"publish","type":"page","link":"https:\/\/junge-erwachsene-mit-krebs.de\/ls\/aktuelles\/","title":{"rendered":"Aktuelles"},"content":{"rendered":"\n    <div id=\"contenttextblock-block_c22b14f492710dad0a7b2e176cbc0aef\" class=\"contenttextblock_container alignfull no_introtext normal\">\n      <div class=\"main_content\">\n                <div class=\"contenttextblock_content\"><p>Die <strong>Deutsche Stiftung f\u00fcr junge Erwachsene mit Krebs<\/strong> ver\u00f6ffentlicht auf ihrer Webseite u.a. News, Pressemitteilungen und Gastbeitr\u00e4ge. Dar\u00fcber hinaus informiert sie Interessierte \u00fcber anstehende Veranstaltungen, wie Workshops, Pressekonferenzen, Patiententage und -kongresse sowie die regelm\u00e4\u00dfigen Treffen der deutschlandweiten TREFFPUNKTE. Eine \u00dcbersicht finden Sie hier.<\/p>\n<\/div>\n      <\/div>\n    <\/div>\n\n\n\n      <div id=\"twoboxesblock-block_f18ca87a755f06a6ac7d516b28abeb0f\" class=\"twoboxesblock_container alignfull\">\n        <div class=\"twoboxesblock_area\">\n          \n          <div class=\"box_content\">\n                          <h3 class=\"twoboxesblock_headline\">Neuigkeiten<\/h3>\n                          <div class=\"twoboxesblock_content\">Lesen Sie hier aktuelle Neuigkeiten, Pressemitteilungen, Interviews und Gastbeitr\u00e4ge rund um die Deutsche Stiftung f\u00fcr junge Erwachsene mit Krebs.<\/div>\n                          <a class=\"twoboxesblock_link\" href=\"https:\/\/junge-erwachsene-mit-krebs.de\/aktuelles\/neuigkeiten\/\" target=\"\">Mehr erfahren<\/a>\n                    <\/div>\n          \n          <div class=\"box_content\">\n                          <h3 class=\"twoboxesblock_headline\">Termine<\/h3>\n                          <div class=\"twoboxesblock_content\">Hier finden Sie eine Liste aller kommenden internen und externen Veranstaltungen der Deutschen Stiftung f\u00fcr junge Erwachsene mit Krebs und seiner TREFFPUNKTE.<\/div>\n                          <a class=\"twoboxesblock_link\" href=\"https:\/\/junge-erwachsene-mit-krebs.de\/aktuelles\/termine\/\" target=\"_blank\">Mehr erfahren<\/a>\n                    <\/div>\n                  <\/div>\n      <\/div>\n    ","protected":false},"excerpt":{"rendered":"","protected":false},"author":1,"featured_media":0,"parent":0,"menu_order":0,"comment_status":"closed","ping_status":"closed","template":"","meta":{"_acf_changed":false,"give_campaign_id":0,"neve_meta_sidebar":"","neve_meta_container":"","neve_meta_enable_content_width":"","neve_meta_content_width":0,"neve_meta_title_alignment":"","neve_meta_author_avatar":"","neve_post_elements_order":"","neve_meta_disable_header":"","neve_meta_disable_footer":"","neve_meta_disable_title":"","neve_meta_reading_time":"","footnotes":""},"class_list":["post-21857","page","type-page","status-publish","hentry"],"acf":[],"yoast_head":"<!-- This site is optimized with the Yoast SEO plugin v27.3 - https:\/\/yoast.com\/product\/yoast-seo-wordpress\/ -->\n<title>Aktuelles - DSFJEMK<\/title>\n<meta name=\"description\" content=\"\u00dcbersicht aller aktuellen Neuigkeiten aus der Deutschen Stiftung f\u00fcr junge Erwachsene mit Krebs mit allen kommenden Terminen und Veranstaltungen.\" \/>\n<meta name=\"robots\" content=\"index, follow, max-snippet:-1, max-image-preview:large, max-video-preview:-1\" \/>\n<link rel=\"canonical\" href=\"https:\/\/junge-erwachsene-mit-krebs.de\/ls\/aktuelles\/\" \/>\n<meta property=\"og:locale\" content=\"de_DE\" \/>\n<meta property=\"og:type\" content=\"article\" \/>\n<meta property=\"og:title\" content=\"Aktuelles - DSFJEMK\" \/>\n<meta property=\"og:description\" content=\"\u00dcbersicht aller aktuellen Neuigkeiten aus der Deutschen Stiftung f\u00fcr junge Erwachsene mit Krebs mit allen kommenden Terminen und Veranstaltungen.\" \/>\n<meta property=\"og:url\" content=\"https:\/\/junge-erwachsene-mit-krebs.de\/ls\/aktuelles\/\" \/>\n<meta property=\"og:site_name\" content=\"DSFJEMK\" \/>\n<meta property=\"article:modified_time\" content=\"2025-06-05T13:30:33+00:00\" \/>\n<meta name=\"twitter:card\" content=\"summary_large_image\" \/>\n<script type=\"application\/ld+json\" class=\"yoast-schema-graph\">{\"@context\":\"https:\\\/\\\/schema.org\",\"@graph\":[{\"@type\":\"WebPage\",\"@id\":\"https:\\\/\\\/junge-erwachsene-mit-krebs.de\\\/ls\\\/aktuelles\\\/\",\"url\":\"https:\\\/\\\/junge-erwachsene-mit-krebs.de\\\/ls\\\/aktuelles\\\/\",\"name\":\"Aktuelles - DSFJEMK\",\"isPartOf\":{\"@id\":\"https:\\\/\\\/junge-erwachsene-mit-krebs.de\\\/#website\"},\"datePublished\":\"2018-07-30T18:55:16+00:00\",\"dateModified\":\"2025-06-05T13:30:33+00:00\",\"description\":\"\u00dcbersicht aller aktuellen Neuigkeiten aus der Deutschen Stiftung f\u00fcr junge Erwachsene mit Krebs mit allen kommenden Terminen und Veranstaltungen.\",\"breadcrumb\":{\"@id\":\"https:\\\/\\\/junge-erwachsene-mit-krebs.de\\\/ls\\\/aktuelles\\\/#breadcrumb\"},\"inLanguage\":\"de-LS\",\"potentialAction\":[{\"@type\":\"ReadAction\",\"target\":[\"https:\\\/\\\/junge-erwachsene-mit-krebs.de\\\/ls\\\/aktuelles\\\/\"]}]},{\"@type\":\"BreadcrumbList\",\"@id\":\"https:\\\/\\\/junge-erwachsene-mit-krebs.de\\\/ls\\\/aktuelles\\\/#breadcrumb\",\"itemListElement\":[{\"@type\":\"ListItem\",\"position\":1,\"name\":\"Startseite\",\"item\":\"https:\\\/\\\/junge-erwachsene-mit-krebs.de\\\/ls\\\/\"},{\"@type\":\"ListItem\",\"position\":2,\"name\":\"Aktuelles\"}]},{\"@type\":\"WebSite\",\"@id\":\"https:\\\/\\\/junge-erwachsene-mit-krebs.de\\\/#website\",\"url\":\"https:\\\/\\\/junge-erwachsene-mit-krebs.de\\\/\",\"name\":\"DSFJEMK\",\"description\":\"Deutsche Stiftung f\u00fcr junge Erwachsene mit Krebs\",\"publisher\":{\"@id\":\"https:\\\/\\\/junge-erwachsene-mit-krebs.de\\\/#organization\"},\"potentialAction\":[{\"@type\":\"SearchAction\",\"target\":{\"@type\":\"EntryPoint\",\"urlTemplate\":\"https:\\\/\\\/junge-erwachsene-mit-krebs.de\\\/?s={search_term_string}\"},\"query-input\":{\"@type\":\"PropertyValueSpecification\",\"valueRequired\":true,\"valueName\":\"search_term_string\"}}],\"inLanguage\":\"de-LS\"},{\"@type\":\"Organization\",\"@id\":\"https:\\\/\\\/junge-erwachsene-mit-krebs.de\\\/#organization\",\"name\":\"Deutsche Stiftung f\u00fcr junge Erwachsene mit Krebs\",\"url\":\"https:\\\/\\\/junge-erwachsene-mit-krebs.de\\\/\",\"logo\":{\"@type\":\"ImageObject\",\"inLanguage\":\"de-LS\",\"@id\":\"https:\\\/\\\/junge-erwachsene-mit-krebs.de\\\/#\\\/schema\\\/logo\\\/image\\\/\",\"url\":\"https:\\\/\\\/junge-erwachsene-mit-krebs.de\\\/wp-content\\\/uploads\\\/2018\\\/09\\\/Logo_DSfjEmK-2018.jpg\",\"contentUrl\":\"https:\\\/\\\/junge-erwachsene-mit-krebs.de\\\/wp-content\\\/uploads\\\/2018\\\/09\\\/Logo_DSfjEmK-2018.jpg\",\"width\":1000,\"height\":1000,\"caption\":\"Deutsche Stiftung f\u00fcr junge Erwachsene mit Krebs\"},\"image\":{\"@id\":\"https:\\\/\\\/junge-erwachsene-mit-krebs.de\\\/#\\\/schema\\\/logo\\\/image\\\/\"}}]}<\/script>\n<!-- \/ Yoast SEO plugin. -->","yoast_head_json":{"title":"Aktuelles - DSFJEMK","description":"\u00dcbersicht aller aktuellen Neuigkeiten aus der Deutschen Stiftung f\u00fcr junge Erwachsene mit Krebs mit allen kommenden Terminen und Veranstaltungen.","robots":{"index":"index","follow":"follow","max-snippet":"max-snippet:-1","max-image-preview":"max-image-preview:large","max-video-preview":"max-video-preview:-1"},"canonical":"https:\/\/junge-erwachsene-mit-krebs.de\/ls\/aktuelles\/","og_locale":"de_DE","og_type":"article","og_title":"Aktuelles - DSFJEMK","og_description":"\u00dcbersicht aller aktuellen Neuigkeiten aus der Deutschen Stiftung f\u00fcr junge Erwachsene mit Krebs mit allen kommenden Terminen und Veranstaltungen.","og_url":"https:\/\/junge-erwachsene-mit-krebs.de\/ls\/aktuelles\/","og_site_name":"DSFJEMK","article_modified_time":"2025-06-05T13:30:33+00:00","twitter_card":"summary_large_image","schema":{"@context":"https:\/\/schema.org","@graph":[{"@type":"WebPage","@id":"https:\/\/junge-erwachsene-mit-krebs.de\/ls\/aktuelles\/","url":"https:\/\/junge-erwachsene-mit-krebs.de\/ls\/aktuelles\/","name":"Aktuelles - DSFJEMK","isPartOf":{"@id":"https:\/\/junge-erwachsene-mit-krebs.de\/#website"},"datePublished":"2018-07-30T18:55:16+00:00","dateModified":"2025-06-05T13:30:33+00:00","description":"\u00dcbersicht aller aktuellen Neuigkeiten aus der Deutschen Stiftung f\u00fcr junge Erwachsene mit Krebs mit allen kommenden Terminen und Veranstaltungen.","breadcrumb":{"@id":"https:\/\/junge-erwachsene-mit-krebs.de\/ls\/aktuelles\/#breadcrumb"},"inLanguage":"de-LS","potentialAction":[{"@type":"ReadAction","target":["https:\/\/junge-erwachsene-mit-krebs.de\/ls\/aktuelles\/"]}]},{"@type":"BreadcrumbList","@id":"https:\/\/junge-erwachsene-mit-krebs.de\/ls\/aktuelles\/#breadcrumb","itemListElement":[{"@type":"ListItem","position":1,"name":"Startseite","item":"https:\/\/junge-erwachsene-mit-krebs.de\/ls\/"},{"@type":"ListItem","position":2,"name":"Aktuelles"}]},{"@type":"WebSite","@id":"https:\/\/junge-erwachsene-mit-krebs.de\/#website","url":"https:\/\/junge-erwachsene-mit-krebs.de\/","name":"DSFJEMK","description":"Deutsche Stiftung f\u00fcr junge Erwachsene mit Krebs","publisher":{"@id":"https:\/\/junge-erwachsene-mit-krebs.de\/#organization"},"potentialAction":[{"@type":"SearchAction","target":{"@type":"EntryPoint","urlTemplate":"https:\/\/junge-erwachsene-mit-krebs.de\/?s={search_term_string}"},"query-input":{"@type":"PropertyValueSpecification","valueRequired":true,"valueName":"search_term_string"}}],"inLanguage":"de-LS"},{"@type":"Organization","@id":"https:\/\/junge-erwachsene-mit-krebs.de\/#organization","name":"Deutsche Stiftung f\u00fcr junge Erwachsene mit Krebs","url":"https:\/\/junge-erwachsene-mit-krebs.de\/","logo":{"@type":"ImageObject","inLanguage":"de-LS","@id":"https:\/\/junge-erwachsene-mit-krebs.de\/#\/schema\/logo\/image\/","url":"https:\/\/junge-erwachsene-mit-krebs.de\/wp-content\/uploads\/2018\/09\/Logo_DSfjEmK-2018.jpg","contentUrl":"https:\/\/junge-erwachsene-mit-krebs.de\/wp-content\/uploads\/2018\/09\/Logo_DSfjEmK-2018.jpg","width":1000,"height":1000,"caption":"Deutsche Stiftung f\u00fcr junge Erwachsene mit Krebs"},"image":{"@id":"https:\/\/junge-erwachsene-mit-krebs.de\/#\/schema\/logo\/image\/"}}]}},"campaignId":"","_links":{"self":[{"href":"https:\/\/junge-erwachsene-mit-krebs.de\/ls\/wp-json\/wp\/v2\/pages\/21857","targetHints":{"allow":["GET"]}}],"collection":[{"href":"https:\/\/junge-erwachsene-mit-krebs.de\/ls\/wp-json\/wp\/v2\/pages"}],"about":[{"href":"https:\/\/junge-erwachsene-mit-krebs.de\/ls\/wp-json\/wp\/v2\/types\/page"}],"author":[{"embeddable":true,"href":"https:\/\/junge-erwachsene-mit-krebs.de\/ls\/wp-json\/wp\/v2\/users\/1"}],"replies":[{"embeddable":true,"href":"https:\/\/junge-erwachsene-mit-krebs.de\/ls\/wp-json\/wp\/v2\/comments?post=21857"}],"version-history":[{"count":3,"href":"https:\/\/junge-erwachsene-mit-krebs.de\/ls\/wp-json\/wp\/v2\/pages\/21857\/revisions"}],"predecessor-version":[{"id":29845,"href":"https:\/\/junge-erwachsene-mit-krebs.de\/ls\/wp-json\/wp\/v2\/pages\/21857\/revisions\/29845"}],"wp:attachment":[{"href":"https:\/\/junge-erwachsene-mit-krebs.de\/ls\/wp-json\/wp\/v2\/media?parent=21857"}],"curies":[{"name":"wp","href":"https:\/\/api.w.org\/{rel}","templated":true}]}}