{"id":21860,"date":"2018-07-30T20:55:40","date_gmt":"2018-07-30T18:55:40","guid":{"rendered":"https:\/\/junge-erwachsene-mit-krebs.de\/aktiv-werden\/"},"modified":"2025-02-26T15:13:01","modified_gmt":"2025-02-26T14:13:01","slug":"aktiv-werden","status":"publish","type":"page","link":"https:\/\/junge-erwachsene-mit-krebs.de\/ls\/aktiv-werden\/","title":{"rendered":"Aktiv werden"},"content":{"rendered":"\n    <div id=\"contenttextblock-block_5b644daa6c56c8ec0870d29e8876a207\" class=\"contenttextblock_container alignfull no_introtext normal\">\n      <div class=\"main_content\">\n                <div class=\"contenttextblock_content\"><p>Die Arbeit der\u00a0<strong>Deutschen Stiftung f\u00fcr junge Erwachsene mit Krebs<\/strong>\u00a0lebt vom aktiven ehrenamtlichen Engagement junger Betroffener, Angeh\u00f6riger sowie von Fachpersonal und weiterer Mitwirkender. Nur dank der finanziellen Unterst\u00fctzung unserer treuen Spender:innen (Privatpersonen, Unternehmen) und f\u00f6rdernder Personen und Institutionen ist die Arbeit der Stiftung m\u00f6glich.<\/p>\n<p>Gemeinsam erm\u00f6glichen sie es, dass sich das Team der Stiftung jeden Tag mit voller Kraft der Begleitung und Beratung von jungen Erwachsenen mit Krebs, der Vertretung ihrer Interessen und der F\u00f6rderung von Wissenschaft und Forschung im Bereich \u201eJung &amp; Krebs\u201c widmen kann.<\/p>\n<p>Seien Sie dabei und unterst\u00fctzen auch Sie uns als Privatperson oder Unternehmen mit einer Spende, Ihrem ehrenamtlichen Engagement und\/oder einer Mitgliedschaft in unserem FREUNDESKREIS.<\/p>\n<\/div>\n      <\/div>\n    <\/div>\n\n\n<div class=\"boxoverview-block-container boxoverview-block_59c7a234dbc5dadf051ecaf36edda179  alignfull\">\n  <div class=\"boxoverview-area\">\n        <div class=\"boxoverview_verlinkungscontainer\">          <div class=\"boxoverview-block\">\n                    \t\t<div class=\"boxoverview-block_59c7a234dbc5dadf051ecaf36edda179 boxoverview no_symbol\">SPENDEN Sie als Privatperson<\/div>\n        \t\t<div class=\"boxoverview_content\">Sie k\u00f6nnen die Stiftung mit einer Einzel- oder Dauerspende, einer eigenen Spendenaktion, einer Gedenkspende oder im Rahmen einer Schenkung und Ihrem Testament unterst\u00fctzen.<\/div>\n                            <a class=\"content_link\" href=\"https:\/\/junge-erwachsene-mit-krebs.de\/aktiv-werden\/spenden\/\" target=\"\">Mehr erfahren<\/a>\n                          <\/div>\n      \t\t          <div class=\"boxoverview-block\">\n                    \t\t<div class=\"boxoverview-block_59c7a234dbc5dadf051ecaf36edda179 boxoverview no_symbol\">SPENDEN Sie als Unternehmen<\/div>\n        \t\t<div class=\"boxoverview_content\">Sie k\u00f6nnen die Stiftung mit einer Einzel- oder Dauerspende, einer eigenen Spendenaktion oder im Rahmen von Unternehmenskooperationen unterst\u00fctzen.<\/div>\n                            <a class=\"content_link\" href=\"https:\/\/junge-erwachsene-mit-krebs.de\/aktiv-werden\/als-unternehmen-spenden\/\" target=\"\">Mehr erfahren<\/a>\n                          <\/div>\n      \t\t          <div class=\"boxoverview-block\">\n                    \t\t<div class=\"boxoverview-block_59c7a234dbc5dadf051ecaf36edda179 boxoverview no_symbol\">FREUNDESKREIS<\/div>\n        \t\t<div class=\"boxoverview_content\">Eine Anlaufstelle zum Austausch und f\u00fcr pers\u00f6nliches Engagement f\u00fcr das Thema \u201eJung &#038; Krebs\u201c. Auch in enger Zusammenarbeit mit Angeh\u00f6rigen und Freunden von Betroffenen.<\/div>\n                            <a class=\"content_link\" href=\"https:\/\/junge-erwachsene-mit-krebs.de\/aktiv-werden\/freundeskreis\/\" target=\"\">Mehr erfahren<\/a>\n                          <\/div>\n      \t\t          <div class=\"boxoverview-block\">\n                    \t\t<div class=\"boxoverview-block_59c7a234dbc5dadf051ecaf36edda179 boxoverview no_symbol\">Ehrenamt<\/div>\n        \t\t<div class=\"boxoverview_content\">Die Arbeit der Deutschen Stiftung f\u00fcr junge Erwachsene mit Krebs lebt vom vielf\u00e4ltigen ehrenamtlichen Engagement der Betroffenen, Angeh\u00f6rigen und weiteren Aktiven.<\/div>\n                            <a class=\"content_link\" href=\"https:\/\/junge-erwachsene-mit-krebs.de\/aktiv-werden\/ehrenamt\/\" target=\"\">Mehr erfahren<\/a>\n                          <\/div>\n      \t\t    <\/div>\n      <\/div>\n<\/div>\n","protected":false},"excerpt":{"rendered":"","protected":false},"author":1,"featured_media":0,"parent":0,"menu_order":0,"comment_status":"closed","ping_status":"closed","template":"template-uebersicht.php","meta":{"_acf_changed":false,"give_campaign_id":0,"neve_meta_sidebar":"","neve_meta_container":"","neve_meta_enable_content_width":"","neve_meta_content_width":0,"neve_meta_title_alignment":"","neve_meta_author_avatar":"","neve_post_elements_order":"","neve_meta_disable_header":"","neve_meta_disable_footer":"","neve_meta_disable_title":"","neve_meta_reading_time":"","footnotes":""},"class_list":["post-21860","page","type-page","status-publish","hentry"],"acf":[],"yoast_head":"<!-- This site is optimized with the Yoast SEO plugin v27.3 - https:\/\/yoast.com\/product\/yoast-seo-wordpress\/ -->\n<title>Aktiv werden - DSFJEMK<\/title>\n<meta name=\"description\" content=\"Die spendenfinanzierte Deutsche Stiftung f\u00fcr junge Erwachsene mit Krebs lebt vom gesellschaftlichen Engagement aktiver und interessierter Menschen.\" \/>\n<meta name=\"robots\" content=\"index, follow, max-snippet:-1, max-image-preview:large, max-video-preview:-1\" \/>\n<link rel=\"canonical\" href=\"https:\/\/junge-erwachsene-mit-krebs.de\/ls\/aktiv-werden\/\" \/>\n<meta property=\"og:locale\" content=\"de_DE\" \/>\n<meta property=\"og:type\" content=\"article\" \/>\n<meta property=\"og:title\" content=\"Aktiv werden - DSFJEMK\" \/>\n<meta property=\"og:description\" content=\"Die spendenfinanzierte Deutsche Stiftung f\u00fcr junge Erwachsene mit Krebs lebt vom gesellschaftlichen Engagement aktiver und interessierter Menschen.\" \/>\n<meta property=\"og:url\" content=\"https:\/\/junge-erwachsene-mit-krebs.de\/ls\/aktiv-werden\/\" \/>\n<meta property=\"og:site_name\" content=\"DSFJEMK\" \/>\n<meta property=\"article:modified_time\" content=\"2025-02-26T14:13:01+00:00\" \/>\n<meta name=\"twitter:card\" content=\"summary_large_image\" \/>\n<meta name=\"twitter:label1\" content=\"Est. reading time\" \/>\n\t<meta name=\"twitter:data1\" content=\"3 minutes\" \/>\n<script type=\"application\/ld+json\" class=\"yoast-schema-graph\">{\"@context\":\"https:\\\/\\\/schema.org\",\"@graph\":[{\"@type\":\"WebPage\",\"@id\":\"https:\\\/\\\/junge-erwachsene-mit-krebs.de\\\/ls\\\/aktiv-werden\\\/\",\"url\":\"https:\\\/\\\/junge-erwachsene-mit-krebs.de\\\/ls\\\/aktiv-werden\\\/\",\"name\":\"Aktiv werden - DSFJEMK\",\"isPartOf\":{\"@id\":\"https:\\\/\\\/junge-erwachsene-mit-krebs.de\\\/#website\"},\"datePublished\":\"2018-07-30T18:55:40+00:00\",\"dateModified\":\"2025-02-26T14:13:01+00:00\",\"description\":\"Die spendenfinanzierte Deutsche Stiftung f\u00fcr junge Erwachsene mit Krebs lebt vom gesellschaftlichen Engagement aktiver und interessierter Menschen.\",\"breadcrumb\":{\"@id\":\"https:\\\/\\\/junge-erwachsene-mit-krebs.de\\\/ls\\\/aktiv-werden\\\/#breadcrumb\"},\"inLanguage\":\"de-LS\",\"potentialAction\":[{\"@type\":\"ReadAction\",\"target\":[\"https:\\\/\\\/junge-erwachsene-mit-krebs.de\\\/ls\\\/aktiv-werden\\\/\"]}]},{\"@type\":\"BreadcrumbList\",\"@id\":\"https:\\\/\\\/junge-erwachsene-mit-krebs.de\\\/ls\\\/aktiv-werden\\\/#breadcrumb\",\"itemListElement\":[{\"@type\":\"ListItem\",\"position\":1,\"name\":\"Startseite\",\"item\":\"https:\\\/\\\/junge-erwachsene-mit-krebs.de\\\/ls\\\/\"},{\"@type\":\"ListItem\",\"position\":2,\"name\":\"Aktiv werden\"}]},{\"@type\":\"WebSite\",\"@id\":\"https:\\\/\\\/junge-erwachsene-mit-krebs.de\\\/#website\",\"url\":\"https:\\\/\\\/junge-erwachsene-mit-krebs.de\\\/\",\"name\":\"DSFJEMK\",\"description\":\"Deutsche Stiftung f\u00fcr junge Erwachsene mit Krebs\",\"publisher\":{\"@id\":\"https:\\\/\\\/junge-erwachsene-mit-krebs.de\\\/#organization\"},\"potentialAction\":[{\"@type\":\"SearchAction\",\"target\":{\"@type\":\"EntryPoint\",\"urlTemplate\":\"https:\\\/\\\/junge-erwachsene-mit-krebs.de\\\/?s={search_term_string}\"},\"query-input\":{\"@type\":\"PropertyValueSpecification\",\"valueRequired\":true,\"valueName\":\"search_term_string\"}}],\"inLanguage\":\"de-LS\"},{\"@type\":\"Organization\",\"@id\":\"https:\\\/\\\/junge-erwachsene-mit-krebs.de\\\/#organization\",\"name\":\"Deutsche Stiftung f\u00fcr junge Erwachsene mit Krebs\",\"url\":\"https:\\\/\\\/junge-erwachsene-mit-krebs.de\\\/\",\"logo\":{\"@type\":\"ImageObject\",\"inLanguage\":\"de-LS\",\"@id\":\"https:\\\/\\\/junge-erwachsene-mit-krebs.de\\\/#\\\/schema\\\/logo\\\/image\\\/\",\"url\":\"https:\\\/\\\/junge-erwachsene-mit-krebs.de\\\/wp-content\\\/uploads\\\/2018\\\/09\\\/Logo_DSfjEmK-2018.jpg\",\"contentUrl\":\"https:\\\/\\\/junge-erwachsene-mit-krebs.de\\\/wp-content\\\/uploads\\\/2018\\\/09\\\/Logo_DSfjEmK-2018.jpg\",\"width\":1000,\"height\":1000,\"caption\":\"Deutsche Stiftung f\u00fcr junge Erwachsene mit Krebs\"},\"image\":{\"@id\":\"https:\\\/\\\/junge-erwachsene-mit-krebs.de\\\/#\\\/schema\\\/logo\\\/image\\\/\"}}]}<\/script>\n<!-- \/ Yoast SEO plugin. -->","yoast_head_json":{"title":"Aktiv werden - DSFJEMK","description":"Die spendenfinanzierte Deutsche Stiftung f\u00fcr junge Erwachsene mit Krebs lebt vom gesellschaftlichen Engagement aktiver und interessierter Menschen.","robots":{"index":"index","follow":"follow","max-snippet":"max-snippet:-1","max-image-preview":"max-image-preview:large","max-video-preview":"max-video-preview:-1"},"canonical":"https:\/\/junge-erwachsene-mit-krebs.de\/ls\/aktiv-werden\/","og_locale":"de_DE","og_type":"article","og_title":"Aktiv werden - DSFJEMK","og_description":"Die spendenfinanzierte Deutsche Stiftung f\u00fcr junge Erwachsene mit Krebs lebt vom gesellschaftlichen Engagement aktiver und interessierter Menschen.","og_url":"https:\/\/junge-erwachsene-mit-krebs.de\/ls\/aktiv-werden\/","og_site_name":"DSFJEMK","article_modified_time":"2025-02-26T14:13:01+00:00","twitter_card":"summary_large_image","twitter_misc":{"Est. reading time":"3 minutes"},"schema":{"@context":"https:\/\/schema.org","@graph":[{"@type":"WebPage","@id":"https:\/\/junge-erwachsene-mit-krebs.de\/ls\/aktiv-werden\/","url":"https:\/\/junge-erwachsene-mit-krebs.de\/ls\/aktiv-werden\/","name":"Aktiv werden - DSFJEMK","isPartOf":{"@id":"https:\/\/junge-erwachsene-mit-krebs.de\/#website"},"datePublished":"2018-07-30T18:55:40+00:00","dateModified":"2025-02-26T14:13:01+00:00","description":"Die spendenfinanzierte Deutsche Stiftung f\u00fcr junge Erwachsene mit Krebs lebt vom gesellschaftlichen Engagement aktiver und interessierter Menschen.","breadcrumb":{"@id":"https:\/\/junge-erwachsene-mit-krebs.de\/ls\/aktiv-werden\/#breadcrumb"},"inLanguage":"de-LS","potentialAction":[{"@type":"ReadAction","target":["https:\/\/junge-erwachsene-mit-krebs.de\/ls\/aktiv-werden\/"]}]},{"@type":"BreadcrumbList","@id":"https:\/\/junge-erwachsene-mit-krebs.de\/ls\/aktiv-werden\/#breadcrumb","itemListElement":[{"@type":"ListItem","position":1,"name":"Startseite","item":"https:\/\/junge-erwachsene-mit-krebs.de\/ls\/"},{"@type":"ListItem","position":2,"name":"Aktiv werden"}]},{"@type":"WebSite","@id":"https:\/\/junge-erwachsene-mit-krebs.de\/#website","url":"https:\/\/junge-erwachsene-mit-krebs.de\/","name":"DSFJEMK","description":"Deutsche Stiftung f\u00fcr junge Erwachsene mit Krebs","publisher":{"@id":"https:\/\/junge-erwachsene-mit-krebs.de\/#organization"},"potentialAction":[{"@type":"SearchAction","target":{"@type":"EntryPoint","urlTemplate":"https:\/\/junge-erwachsene-mit-krebs.de\/?s={search_term_string}"},"query-input":{"@type":"PropertyValueSpecification","valueRequired":true,"valueName":"search_term_string"}}],"inLanguage":"de-LS"},{"@type":"Organization","@id":"https:\/\/junge-erwachsene-mit-krebs.de\/#organization","name":"Deutsche Stiftung f\u00fcr junge Erwachsene mit Krebs","url":"https:\/\/junge-erwachsene-mit-krebs.de\/","logo":{"@type":"ImageObject","inLanguage":"de-LS","@id":"https:\/\/junge-erwachsene-mit-krebs.de\/#\/schema\/logo\/image\/","url":"https:\/\/junge-erwachsene-mit-krebs.de\/wp-content\/uploads\/2018\/09\/Logo_DSfjEmK-2018.jpg","contentUrl":"https:\/\/junge-erwachsene-mit-krebs.de\/wp-content\/uploads\/2018\/09\/Logo_DSfjEmK-2018.jpg","width":1000,"height":1000,"caption":"Deutsche Stiftung f\u00fcr junge Erwachsene mit Krebs"},"image":{"@id":"https:\/\/junge-erwachsene-mit-krebs.de\/#\/schema\/logo\/image\/"}}]}},"campaignId":"","_links":{"self":[{"href":"https:\/\/junge-erwachsene-mit-krebs.de\/ls\/wp-json\/wp\/v2\/pages\/21860","targetHints":{"allow":["GET"]}}],"collection":[{"href":"https:\/\/junge-erwachsene-mit-krebs.de\/ls\/wp-json\/wp\/v2\/pages"}],"about":[{"href":"https:\/\/junge-erwachsene-mit-krebs.de\/ls\/wp-json\/wp\/v2\/types\/page"}],"author":[{"embeddable":true,"href":"https:\/\/junge-erwachsene-mit-krebs.de\/ls\/wp-json\/wp\/v2\/users\/1"}],"replies":[{"embeddable":true,"href":"https:\/\/junge-erwachsene-mit-krebs.de\/ls\/wp-json\/wp\/v2\/comments?post=21860"}],"version-history":[{"count":0,"href":"https:\/\/junge-erwachsene-mit-krebs.de\/ls\/wp-json\/wp\/v2\/pages\/21860\/revisions"}],"wp:attachment":[{"href":"https:\/\/junge-erwachsene-mit-krebs.de\/ls\/wp-json\/wp\/v2\/media?parent=21860"}],"curies":[{"name":"wp","href":"https:\/\/api.w.org\/{rel}","templated":true}]}}