{"id":21863,"date":"2018-08-08T15:25:20","date_gmt":"2018-08-08T13:25:20","guid":{"rendered":"https:\/\/junge-erwachsene-mit-krebs.de\/ueber-uns\/"},"modified":"2025-10-21T12:27:14","modified_gmt":"2025-10-21T10:27:14","slug":"ueber-uns","status":"publish","type":"page","link":"https:\/\/junge-erwachsene-mit-krebs.de\/ls\/ueber-uns\/","title":{"rendered":"\u00dcber uns"},"content":{"rendered":"\n    <div id=\"contenttextblock-block_6ee2ad17e566991f3dd02eac8e9de033\" class=\"contenttextblock_container alignfull no_introtext normal\">\n      <div class=\"main_content\">\n                <div class=\"contenttextblock_content\"><p>Die <strong>Deutsche Stiftung f\u00fcr junge Erwachsene mit Krebs<\/strong> ist eine zentrale Anlaufstelle f\u00fcr junge Erwachsene im Alter von 18 bis 39 Jahren, die von Krebs betroffen sind. Sie ist zudem Ansprechpartnerin f\u00fcr Angeh\u00f6rige, Wissenschaftler:innen, Unterst\u00fctzer:innen und die \u00d6ffentlichkeit und bietet umfassende Informationen und Hilfe rund um das Thema \u201eJung &amp; Krebs\u201c. Die Projekte der Stiftung werden in enger Zusammenarbeit mit den Betroffenen selbst, Fach\u00e4rztinnen und -\u00e4rzten sowie weiteren Expertinnen und Experten entwickelt und bieten direkte, praxisnahe Unterst\u00fctzung im Alltag mit der Erkrankung. Mittlerweile arbeitet die Stiftung mit \u00fcber 1.000 jungen Betroffenen zusammen. Gegr\u00fcndet wurde sie im Juli 2014 von der <strong><a href=\"https:\/\/www.dgho.de\/\" target=\"_blank\" rel=\"noopener\">DGHO Deutsche Gesellschaft f\u00fcr H\u00e4matologie und Medizinische Onkologie e. V. <\/a><\/strong>Ihre Arbeit ist als gemeinn\u00fctzig anerkannt und wird durch Spenden finanziert.<\/p>\n<\/div>\n      <\/div>\n    <\/div>\n\n\n<div class=\"boxoverview-block-container boxoverview-block_306425c63f08ae8b6a864f3c801438dd  alignfull\">\n  <div class=\"boxoverview-area\">\n        <div class=\"boxoverview_verlinkungscontainer\">          <div class=\"boxoverview-block\">\n                    \t\t<div class=\"boxoverview-block_306425c63f08ae8b6a864f3c801438dd boxoverview no_symbol\">Motivation &#038; Ziele<\/div>\n        \t\t<div class=\"boxoverview_content\">Lesen Sie hier alles \u00fcber die Initiative zur Gr\u00fcndung unserer Stiftung und \u00fcber die Ziele unserer Arbeit.<\/div>\n                            <a class=\"content_link\" href=\"https:\/\/junge-erwachsene-mit-krebs.de\/ueber-uns\/motivation-und-ziele\/\" target=\"\">Mehr erfahren<\/a>\n                          <\/div>\n      \t\t          <div class=\"boxoverview-block\">\n                    \t\t<div class=\"boxoverview-block_306425c63f08ae8b6a864f3c801438dd boxoverview no_symbol\">Karriere<\/div>\n        \t\t<div class=\"boxoverview_content\">Hier finden Sie die aktuellen Stellenausschreibungen der Deutschen Stiftung f\u00fcr junge Erwachsene mit Krebs.<\/div>\n                            <a class=\"content_link\" href=\"https:\/\/junge-erwachsene-mit-krebs.de\/ueber-uns\/karriere\/\" target=\"\">Mehr erfahren<\/a>\n                          <\/div>\n      \t\t          <div class=\"boxoverview-block\">\n                    \t\t<div class=\"boxoverview-block_306425c63f08ae8b6a864f3c801438dd boxoverview no_symbol\">Gesch\u00e4ftsstelle<\/div>\n        \t\t<div class=\"boxoverview_content\">Hier finden Sie die Kontaktinformationen der Mitarbeiter:innen der Deutschen Stiftung f\u00fcr junge Erwachsene mit Krebs.<\/div>\n                            <a class=\"content_link\" href=\"https:\/\/junge-erwachsene-mit-krebs.de\/ueber-uns\/geschaeftsstelle\/\" target=\"\">Mehr erfahren<\/a>\n                          <\/div>\n      \t\t          <div class=\"boxoverview-block\">\n                    \t\t<div class=\"boxoverview-block_306425c63f08ae8b6a864f3c801438dd boxoverview no_symbol\">Gremien<\/div>\n        \t\t<div class=\"boxoverview_content\">Hier finden Sie eine \u00dcbersicht der Entscheidungsgremien der Deutschen Stiftung f\u00fcr junge Erwachsene mit Krebs.<\/div>\n                            <a class=\"content_link\" href=\"https:\/\/junge-erwachsene-mit-krebs.de\/ueber-uns\/gremien\/\" target=\"\">Mehr erfahren<\/a>\n                          <\/div>\n      \t\t          <div class=\"boxoverview-block\">\n                    \t\t<div class=\"boxoverview-block_306425c63f08ae8b6a864f3c801438dd boxoverview no_symbol\">Satzung<\/div>\n        \t\t<div class=\"boxoverview_content\">Informieren Sie sich \u00fcber die Struktur der Deutschen Stiftung f\u00fcr junge Erwachsene mit Krebs.<\/div>\n                            <a class=\"content_link\" href=\"https:\/\/junge-erwachsene-mit-krebs.de\/ueber-uns\/satzung\/\" target=\"\">Mehr erfahren<\/a>\n                          <\/div>\n      \t\t          <div class=\"boxoverview-block\">\n                    \t\t<div class=\"boxoverview-block_306425c63f08ae8b6a864f3c801438dd boxoverview no_symbol\">Mitgliedschaften<\/div>\n        \t\t<div class=\"boxoverview_content\">Informieren Sie sich \u00fcber die Mitgliedschaften der Deutschen Stiftung f\u00fcr junge Erwachsene mit Krebs.<\/div>\n                            <a class=\"content_link\" href=\"https:\/\/junge-erwachsene-mit-krebs.de\/ueber-uns\/mitgliedschaften\/\" target=\"\">Mehr erfahren<\/a>\n                          <\/div>\n      \t\t    <\/div>\n      <\/div>\n<\/div>\n","protected":false},"excerpt":{"rendered":"","protected":false},"author":1,"featured_media":0,"parent":0,"menu_order":0,"comment_status":"closed","ping_status":"closed","template":"","meta":{"_acf_changed":false,"give_campaign_id":0,"neve_meta_sidebar":"","neve_meta_container":"","neve_meta_enable_content_width":"off","neve_meta_content_width":100,"neve_meta_title_alignment":"","neve_meta_author_avatar":"","neve_post_elements_order":"","neve_meta_disable_header":"","neve_meta_disable_footer":"","neve_meta_disable_title":"","neve_meta_reading_time":"","footnotes":""},"class_list":["post-21863","page","type-page","status-publish","hentry"],"acf":[],"yoast_head":"<!-- This site is optimized with the Yoast SEO plugin v27.3 - https:\/\/yoast.com\/product\/yoast-seo-wordpress\/ -->\n<title>\u00dcber uns - DSFJEMK<\/title>\n<meta name=\"description\" content=\"Die Deutsche Stiftung f\u00fcr junge Erwachsene mit Krebs wurde am 14.07.2014 gegr\u00fcndet mit dem Ziel der Erforschung von Krebs und neuer Zukunftchancen.\" \/>\n<meta name=\"robots\" content=\"index, follow, max-snippet:-1, max-image-preview:large, max-video-preview:-1\" \/>\n<link rel=\"canonical\" href=\"https:\/\/junge-erwachsene-mit-krebs.de\/ls\/ueber-uns\/\" \/>\n<meta property=\"og:locale\" content=\"de_DE\" \/>\n<meta property=\"og:type\" content=\"article\" \/>\n<meta property=\"og:title\" content=\"\u00dcber uns - DSFJEMK\" \/>\n<meta property=\"og:description\" content=\"Die Deutsche Stiftung f\u00fcr junge Erwachsene mit Krebs wurde am 14.07.2014 gegr\u00fcndet mit dem Ziel der Erforschung von Krebs und neuer Zukunftchancen.\" \/>\n<meta property=\"og:url\" content=\"https:\/\/junge-erwachsene-mit-krebs.de\/ls\/ueber-uns\/\" \/>\n<meta property=\"og:site_name\" content=\"DSFJEMK\" \/>\n<meta property=\"article:modified_time\" content=\"2025-10-21T10:27:14+00:00\" \/>\n<meta name=\"twitter:card\" content=\"summary_large_image\" \/>\n<script type=\"application\/ld+json\" class=\"yoast-schema-graph\">{\"@context\":\"https:\\\/\\\/schema.org\",\"@graph\":[{\"@type\":\"WebPage\",\"@id\":\"https:\\\/\\\/junge-erwachsene-mit-krebs.de\\\/ls\\\/ueber-uns\\\/\",\"url\":\"https:\\\/\\\/junge-erwachsene-mit-krebs.de\\\/ls\\\/ueber-uns\\\/\",\"name\":\"\u00dcber uns - DSFJEMK\",\"isPartOf\":{\"@id\":\"https:\\\/\\\/junge-erwachsene-mit-krebs.de\\\/#website\"},\"datePublished\":\"2018-08-08T13:25:20+00:00\",\"dateModified\":\"2025-10-21T10:27:14+00:00\",\"description\":\"Die Deutsche Stiftung f\u00fcr junge Erwachsene mit Krebs wurde am 14.07.2014 gegr\u00fcndet mit dem Ziel der Erforschung von Krebs und neuer Zukunftchancen.\",\"breadcrumb\":{\"@id\":\"https:\\\/\\\/junge-erwachsene-mit-krebs.de\\\/ls\\\/ueber-uns\\\/#breadcrumb\"},\"inLanguage\":\"de-LS\",\"potentialAction\":[{\"@type\":\"ReadAction\",\"target\":[\"https:\\\/\\\/junge-erwachsene-mit-krebs.de\\\/ls\\\/ueber-uns\\\/\"]}]},{\"@type\":\"BreadcrumbList\",\"@id\":\"https:\\\/\\\/junge-erwachsene-mit-krebs.de\\\/ls\\\/ueber-uns\\\/#breadcrumb\",\"itemListElement\":[{\"@type\":\"ListItem\",\"position\":1,\"name\":\"Startseite\",\"item\":\"https:\\\/\\\/junge-erwachsene-mit-krebs.de\\\/ls\\\/\"},{\"@type\":\"ListItem\",\"position\":2,\"name\":\"\u00dcber uns\"}]},{\"@type\":\"WebSite\",\"@id\":\"https:\\\/\\\/junge-erwachsene-mit-krebs.de\\\/#website\",\"url\":\"https:\\\/\\\/junge-erwachsene-mit-krebs.de\\\/\",\"name\":\"DSFJEMK\",\"description\":\"Deutsche Stiftung f\u00fcr junge Erwachsene mit Krebs\",\"publisher\":{\"@id\":\"https:\\\/\\\/junge-erwachsene-mit-krebs.de\\\/#organization\"},\"potentialAction\":[{\"@type\":\"SearchAction\",\"target\":{\"@type\":\"EntryPoint\",\"urlTemplate\":\"https:\\\/\\\/junge-erwachsene-mit-krebs.de\\\/?s={search_term_string}\"},\"query-input\":{\"@type\":\"PropertyValueSpecification\",\"valueRequired\":true,\"valueName\":\"search_term_string\"}}],\"inLanguage\":\"de-LS\"},{\"@type\":\"Organization\",\"@id\":\"https:\\\/\\\/junge-erwachsene-mit-krebs.de\\\/#organization\",\"name\":\"Deutsche Stiftung f\u00fcr junge Erwachsene mit Krebs\",\"url\":\"https:\\\/\\\/junge-erwachsene-mit-krebs.de\\\/\",\"logo\":{\"@type\":\"ImageObject\",\"inLanguage\":\"de-LS\",\"@id\":\"https:\\\/\\\/junge-erwachsene-mit-krebs.de\\\/#\\\/schema\\\/logo\\\/image\\\/\",\"url\":\"https:\\\/\\\/junge-erwachsene-mit-krebs.de\\\/wp-content\\\/uploads\\\/2018\\\/09\\\/Logo_DSfjEmK-2018.jpg\",\"contentUrl\":\"https:\\\/\\\/junge-erwachsene-mit-krebs.de\\\/wp-content\\\/uploads\\\/2018\\\/09\\\/Logo_DSfjEmK-2018.jpg\",\"width\":1000,\"height\":1000,\"caption\":\"Deutsche Stiftung f\u00fcr junge Erwachsene mit Krebs\"},\"image\":{\"@id\":\"https:\\\/\\\/junge-erwachsene-mit-krebs.de\\\/#\\\/schema\\\/logo\\\/image\\\/\"}}]}<\/script>\n<!-- \/ Yoast SEO plugin. -->","yoast_head_json":{"title":"\u00dcber uns - DSFJEMK","description":"Die Deutsche Stiftung f\u00fcr junge Erwachsene mit Krebs wurde am 14.07.2014 gegr\u00fcndet mit dem Ziel der Erforschung von Krebs und neuer Zukunftchancen.","robots":{"index":"index","follow":"follow","max-snippet":"max-snippet:-1","max-image-preview":"max-image-preview:large","max-video-preview":"max-video-preview:-1"},"canonical":"https:\/\/junge-erwachsene-mit-krebs.de\/ls\/ueber-uns\/","og_locale":"de_DE","og_type":"article","og_title":"\u00dcber uns - DSFJEMK","og_description":"Die Deutsche Stiftung f\u00fcr junge Erwachsene mit Krebs wurde am 14.07.2014 gegr\u00fcndet mit dem Ziel der Erforschung von Krebs und neuer Zukunftchancen.","og_url":"https:\/\/junge-erwachsene-mit-krebs.de\/ls\/ueber-uns\/","og_site_name":"DSFJEMK","article_modified_time":"2025-10-21T10:27:14+00:00","twitter_card":"summary_large_image","schema":{"@context":"https:\/\/schema.org","@graph":[{"@type":"WebPage","@id":"https:\/\/junge-erwachsene-mit-krebs.de\/ls\/ueber-uns\/","url":"https:\/\/junge-erwachsene-mit-krebs.de\/ls\/ueber-uns\/","name":"\u00dcber uns - DSFJEMK","isPartOf":{"@id":"https:\/\/junge-erwachsene-mit-krebs.de\/#website"},"datePublished":"2018-08-08T13:25:20+00:00","dateModified":"2025-10-21T10:27:14+00:00","description":"Die Deutsche Stiftung f\u00fcr junge Erwachsene mit Krebs wurde am 14.07.2014 gegr\u00fcndet mit dem Ziel der Erforschung von Krebs und neuer Zukunftchancen.","breadcrumb":{"@id":"https:\/\/junge-erwachsene-mit-krebs.de\/ls\/ueber-uns\/#breadcrumb"},"inLanguage":"de-LS","potentialAction":[{"@type":"ReadAction","target":["https:\/\/junge-erwachsene-mit-krebs.de\/ls\/ueber-uns\/"]}]},{"@type":"BreadcrumbList","@id":"https:\/\/junge-erwachsene-mit-krebs.de\/ls\/ueber-uns\/#breadcrumb","itemListElement":[{"@type":"ListItem","position":1,"name":"Startseite","item":"https:\/\/junge-erwachsene-mit-krebs.de\/ls\/"},{"@type":"ListItem","position":2,"name":"\u00dcber uns"}]},{"@type":"WebSite","@id":"https:\/\/junge-erwachsene-mit-krebs.de\/#website","url":"https:\/\/junge-erwachsene-mit-krebs.de\/","name":"DSFJEMK","description":"Deutsche Stiftung f\u00fcr junge Erwachsene mit Krebs","publisher":{"@id":"https:\/\/junge-erwachsene-mit-krebs.de\/#organization"},"potentialAction":[{"@type":"SearchAction","target":{"@type":"EntryPoint","urlTemplate":"https:\/\/junge-erwachsene-mit-krebs.de\/?s={search_term_string}"},"query-input":{"@type":"PropertyValueSpecification","valueRequired":true,"valueName":"search_term_string"}}],"inLanguage":"de-LS"},{"@type":"Organization","@id":"https:\/\/junge-erwachsene-mit-krebs.de\/#organization","name":"Deutsche Stiftung f\u00fcr junge Erwachsene mit Krebs","url":"https:\/\/junge-erwachsene-mit-krebs.de\/","logo":{"@type":"ImageObject","inLanguage":"de-LS","@id":"https:\/\/junge-erwachsene-mit-krebs.de\/#\/schema\/logo\/image\/","url":"https:\/\/junge-erwachsene-mit-krebs.de\/wp-content\/uploads\/2018\/09\/Logo_DSfjEmK-2018.jpg","contentUrl":"https:\/\/junge-erwachsene-mit-krebs.de\/wp-content\/uploads\/2018\/09\/Logo_DSfjEmK-2018.jpg","width":1000,"height":1000,"caption":"Deutsche Stiftung f\u00fcr junge Erwachsene mit Krebs"},"image":{"@id":"https:\/\/junge-erwachsene-mit-krebs.de\/#\/schema\/logo\/image\/"}}]}},"campaignId":"","_links":{"self":[{"href":"https:\/\/junge-erwachsene-mit-krebs.de\/ls\/wp-json\/wp\/v2\/pages\/21863","targetHints":{"allow":["GET"]}}],"collection":[{"href":"https:\/\/junge-erwachsene-mit-krebs.de\/ls\/wp-json\/wp\/v2\/pages"}],"about":[{"href":"https:\/\/junge-erwachsene-mit-krebs.de\/ls\/wp-json\/wp\/v2\/types\/page"}],"author":[{"embeddable":true,"href":"https:\/\/junge-erwachsene-mit-krebs.de\/ls\/wp-json\/wp\/v2\/users\/1"}],"replies":[{"embeddable":true,"href":"https:\/\/junge-erwachsene-mit-krebs.de\/ls\/wp-json\/wp\/v2\/comments?post=21863"}],"version-history":[{"count":3,"href":"https:\/\/junge-erwachsene-mit-krebs.de\/ls\/wp-json\/wp\/v2\/pages\/21863\/revisions"}],"predecessor-version":[{"id":30854,"href":"https:\/\/junge-erwachsene-mit-krebs.de\/ls\/wp-json\/wp\/v2\/pages\/21863\/revisions\/30854"}],"wp:attachment":[{"href":"https:\/\/junge-erwachsene-mit-krebs.de\/ls\/wp-json\/wp\/v2\/media?parent=21863"}],"curies":[{"name":"wp","href":"https:\/\/api.w.org\/{rel}","templated":true}]}}