{"id":21901,"date":"2023-02-04T00:30:26","date_gmt":"2023-02-03T23:30:26","guid":{"rendered":"https:\/\/junge-erwachsene-mit-krebs.de\/startseite\/"},"modified":"2025-04-04T13:54:09","modified_gmt":"2025-04-04T11:54:09","slug":"startseite","status":"publish","type":"page","link":"https:\/\/junge-erwachsene-mit-krebs.de\/ls\/","title":{"rendered":"Startseite"},"content":{"rendered":"<div id=\"slider-block_c8fdf6c98e7ca47f1a91b714a64e05f0\" class=\"sliderblock_area alignfull\">\n  <div class=\"slider sliderblock\">\n  \t\t<div class=\"slides\">\n\t\t\t        <div class=\"slides_container\" style=\"height: 450px !important;\">          <img decoding=\"async\" class=\"slides_image\" src=\"https:\/\/junge-erwachsene-mit-krebs.de\/wp-content\/uploads\/2025\/04\/Gruppenbild-Header-719px-hoeher.png\"\n           srcset=\"https:\/\/junge-erwachsene-mit-krebs.de\/wp-content\/uploads\/2025\/04\/Gruppenbild-Header-719px-hoeher.png 920w, https:\/\/junge-erwachsene-mit-krebs.de\/wp-content\/uploads\/2025\/04\/Gruppenbild-Header-719px-hoeher.png 1920w\"\n           sizes=\"(max-width: 920px) 920px, 100vw\"\n           alt=\"\"\n           style=\"object-fit: cover;\n           object-position: center; \">\n                      <div class=\"sliderblock_infoblock_area middle\" style=\"max-width: unset%;\">\n              <div class=\"sliderblock_infoblock\">\n                <h1 class=\"sliderblock_headline\">Du bist jung und hast Krebs?<\/h1>\n                                  <div class=\"sliderblock_introtext\" style=\"color: #ffffff\">Du bist nicht allein!<\/div>\n                                <\/div>\n            <\/div>         <\/div>\n\n\t\t\t\t\t<\/div>\n\t  <\/div>\n<\/div>\n\n\n\n<hr class=\"wp-block-separator has-alpha-channel-opacity\"\/>\n\n\n\n    <div id=\"eventteaser-block_2d77be0bd90d6000030e9e17116f9505\" class=\"eventteaser_container\">\n      <div class=\"main_content\">\n                  <h2 class=\"eventteaser_headline\">Termine<\/h2>\n                <div class=\"eventteaser_content\">     <div class=\"ep_container\">\n\t\t  <div class=\"ep_single_event\">\n\t\t\t<div class=\"ep_single_event_date\">\n\t\t\t  <div class=\"ep_single_event_date_day\">\n\t\t\t\t22\t\t\t  <\/div>\n\t\t\t  <div class=\"ep_single_event_date_month\">\n\t\t\t\tApr\t\t\t  <\/div>\n\t\t\t<\/div>\n\t\t\t<div class=\"ep_single_event_info\">\n\t\t\t  <div class=\"ep_single_event_headline\">\n\t\t\t\tBerlin &#8211; 18:30 Uhr\t\t\t  <\/div>\n\t\t\t  <div class=\"ep_single_event_title\">\n\t\t\t\t\t\t\t\t  <a href=\"http:\/\/https:\/\/treffpunkte.junge-erwachsene-mit-krebs.de\/location\/digital\/\" target=\"_blank\">TREFFPUNKT Digital | Stammtisch<\/a>\n\t\t\t\t\t\t\t  <\/div>\n\t\t\t  <div class=\"ep_single_event_excerpt\">\n\t\t\t\tGemeinsames Online Treffen. Bei Interesse einfach unter treffpunkt@junge-erwachsene-mit-krebs.de\t\t\t  <\/div>\n\t\t\t<\/div>\n\t\t  <\/div>\n\n\t\n\t\t  <div class=\"ep_single_event\">\n\t\t\t<div class=\"ep_single_event_date\">\n\t\t\t  <div class=\"ep_single_event_date_day\">\n\t\t\t\t22\t\t\t  <\/div>\n\t\t\t  <div class=\"ep_single_event_date_month\">\n\t\t\t\tApr\t\t\t  <\/div>\n\t\t\t<\/div>\n\t\t\t<div class=\"ep_single_event_info\">\n\t\t\t  <div class=\"ep_single_event_headline\">\n\t\t\t\tIngolstadt &#8211; 18:30 Uhr\t\t\t  <\/div>\n\t\t\t  <div class=\"ep_single_event_title\">\n\t\t\t\t\t\t\t\t  <a href=\"http:\/\/treffpunkte.junge-erwachsene-mit-krebs.de\/location\/treffpunktplus-ingolstadt-jukk\/\" target=\"_blank\">TREFFPUNKT Ingolstadt | Stammtisch<\/a>\n\t\t\t\t\t\t\t  <\/div>\n\t\t\t  <div class=\"ep_single_event_excerpt\">\n\t\t\t\tGemeinsames Treffen in Ingolstadt. Bei Interesse einfach unter treffpunkt-plus-ingolstadt@junge-erwachsene-mit-krebs.de melden.\t\t\t  <\/div>\n\t\t\t<\/div>\n\t\t  <\/div>\n\n\t\n\t\t  <div class=\"ep_single_event\">\n\t\t\t<div class=\"ep_single_event_date\">\n\t\t\t  <div class=\"ep_single_event_date_day\">\n\t\t\t\t22\t\t\t  <\/div>\n\t\t\t  <div class=\"ep_single_event_date_month\">\n\t\t\t\tApr\t\t\t  <\/div>\n\t\t\t<\/div>\n\t\t\t<div class=\"ep_single_event_info\">\n\t\t\t  <div class=\"ep_single_event_headline\">\n\t\t\t\tSiegen-Wittgenstein &#8211; 18:30 Uhr\t\t\t  <\/div>\n\t\t\t  <div class=\"ep_single_event_title\">\n\t\t\t\t\t\t\t\t  <a href=\"http:\/\/treffpunkte.junge-erwachsene-mit-krebs.de\/location\/siegen-wittgenstein\/\" target=\"_blank\">TREFFPUNKT Siegen-Wittgenstein | Stammtisch<\/a>\n\t\t\t\t\t\t\t  <\/div>\n\t\t\t  <div class=\"ep_single_event_excerpt\">\n\t\t\t\tGemeinsames Treffen in Siegen. Bei Interesse einfach unter treffpunkt-siegen-wittgenstein@junge-erwachsene-mit-krebs.de melden.\t\t\t  <\/div>\n\t\t\t<\/div>\n\t\t  <\/div>\n\n\t  <\/div><\/div>\n                  <a class=\"eventteaser_button\" href=\"https:\/\/junge-erwachsene-mit-krebs.de\/10-jahre-jubilaeum\/termine\/\" target=\"\">Alle Termine<\/a>\n                <\/div>\n    <\/div>\n\n\n\n<hr class=\"wp-block-separator has-alpha-channel-opacity\"\/>\n\n\n\n    <div id=\"puretextblock-block_4b007cfd925353eb2df6d9e70b6914f9\" class=\"puretextblock_container alignfull one wide\">\n      <div class=\"main_content\">\n                  <h2 class=\"puretextblock_headline\">Newsletter<\/h2>\n                <div class=\"puretextblock_content\"><p style=\"text-align: center;\">Melden Sie sich hier an, um regelm\u00e4\u00dfig Informationen \u00fcber die Projekte und die Arbeit der Deutschen Stiftung f\u00fcr junge Erwachsene mit Krebs zu erhalten.<\/p>\n<\/div>\n                  <a class=\"puretextblock_button\" href=\"https:\/\/junge-erwachsene-mit-krebs.de\/newsletter\/\" target=\"_blank\">Abonnieren<\/a>\n                <\/div>\n    <\/div>\n","protected":false},"excerpt":{"rendered":"","protected":false},"author":1,"featured_media":0,"parent":0,"menu_order":0,"comment_status":"closed","ping_status":"closed","template":"","meta":{"_acf_changed":false,"give_campaign_id":0,"neve_meta_sidebar":"","neve_meta_container":"","neve_meta_enable_content_width":"off","neve_meta_content_width":100,"neve_meta_title_alignment":"","neve_meta_author_avatar":"","neve_post_elements_order":"","neve_meta_disable_header":"","neve_meta_disable_footer":"","neve_meta_disable_title":"on","neve_meta_reading_time":"","footnotes":""},"class_list":["post-21901","page","type-page","status-publish","hentry"],"acf":[],"yoast_head":"<!-- This site is optimized with the Yoast SEO plugin v27.3 - https:\/\/yoast.com\/product\/yoast-seo-wordpress\/ -->\n<title>Startseite - DSFJEMK<\/title>\n<meta name=\"description\" content=\"Pro Jahr erkranken etwa 16 500 junge Menschen zwischen 18 und 39 Jahren an Krebs. Die Stiftung ist Ansprechpartnerin f\u00fcr alle Fragen von Betroffenen.\" \/>\n<meta name=\"robots\" content=\"index, follow, max-snippet:-1, max-image-preview:large, max-video-preview:-1\" \/>\n<link rel=\"canonical\" href=\"https:\/\/junge-erwachsene-mit-krebs.de\/ls\/\" \/>\n<meta property=\"og:locale\" content=\"de_DE\" \/>\n<meta property=\"og:type\" content=\"article\" \/>\n<meta property=\"og:title\" content=\"Deutsche Stiftung f\u00fcr junge Erwachsene mit Krebs\" \/>\n<meta property=\"og:description\" content=\"Pro Jahr erkranken etwa 16 500 junge Menschen zwischen 18 und 39 Jahren an Krebs. Die Deutsche Stiftung f\u00fcr junge Erwachsene mit Krebs ist Ansprechpartnerin f\u00fcr alle Fragen von Betroffenen, Angeh\u00f6rigen, Wissenschaftlern, Unterst\u00fctzern und der \u00d6ffentlichkeit.\" \/>\n<meta property=\"og:url\" content=\"https:\/\/junge-erwachsene-mit-krebs.de\/ls\/\" \/>\n<meta property=\"og:site_name\" content=\"DSFJEMK\" \/>\n<meta property=\"article:modified_time\" content=\"2025-04-04T11:54:09+00:00\" \/>\n<meta property=\"og:image\" content=\"https:\/\/junge-erwachsene-mit-krebs.de\/wp-content\/uploads\/2018\/10\/Startseiten-Header-2-e1540391378335.png\" \/>\n<meta name=\"twitter:card\" content=\"summary_large_image\" \/>\n<meta name=\"twitter:title\" content=\"Deutsche Stiftung f\u00fcr junge Erwachsene mit Krebs\" \/>\n<meta name=\"twitter:description\" content=\"Pro Jahr erkranken etwa 16 500 junge Menschen zwischen 18 und 39 Jahren an Krebs. Die Deutsche Stiftung f\u00fcr junge Erwachsene mit Krebs ist Ansprechpartnerin f\u00fcr alle Fragen von Betroffenen, Angeh\u00f6rigen, Wissenschaftlern, Unterst\u00fctzern und der \u00d6ffentlichkeit.\" \/>\n<script type=\"application\/ld+json\" class=\"yoast-schema-graph\">{\"@context\":\"https:\\\/\\\/schema.org\",\"@graph\":[{\"@type\":\"WebPage\",\"@id\":\"https:\\\/\\\/junge-erwachsene-mit-krebs.de\\\/ls\\\/\",\"url\":\"https:\\\/\\\/junge-erwachsene-mit-krebs.de\\\/ls\\\/\",\"name\":\"Startseite - DSFJEMK\",\"isPartOf\":{\"@id\":\"https:\\\/\\\/junge-erwachsene-mit-krebs.de\\\/#website\"},\"datePublished\":\"2023-02-03T23:30:26+00:00\",\"dateModified\":\"2025-04-04T11:54:09+00:00\",\"description\":\"Pro Jahr erkranken etwa 16 500 junge Menschen zwischen 18 und 39 Jahren an Krebs. Die Stiftung ist Ansprechpartnerin f\u00fcr alle Fragen von Betroffenen.\",\"breadcrumb\":{\"@id\":\"https:\\\/\\\/junge-erwachsene-mit-krebs.de\\\/ls\\\/#breadcrumb\"},\"inLanguage\":\"de-LS\",\"potentialAction\":[{\"@type\":\"ReadAction\",\"target\":[\"https:\\\/\\\/junge-erwachsene-mit-krebs.de\\\/ls\\\/\"]}]},{\"@type\":\"BreadcrumbList\",\"@id\":\"https:\\\/\\\/junge-erwachsene-mit-krebs.de\\\/ls\\\/#breadcrumb\",\"itemListElement\":[{\"@type\":\"ListItem\",\"position\":1,\"name\":\"Startseite\",\"item\":\"https:\\\/\\\/junge-erwachsene-mit-krebs.de\\\/ls\\\/\"},{\"@type\":\"ListItem\",\"position\":2,\"name\":\"Startseite\"}]},{\"@type\":\"WebSite\",\"@id\":\"https:\\\/\\\/junge-erwachsene-mit-krebs.de\\\/#website\",\"url\":\"https:\\\/\\\/junge-erwachsene-mit-krebs.de\\\/\",\"name\":\"DSFJEMK\",\"description\":\"Deutsche Stiftung f\u00fcr junge Erwachsene mit Krebs\",\"publisher\":{\"@id\":\"https:\\\/\\\/junge-erwachsene-mit-krebs.de\\\/#organization\"},\"potentialAction\":[{\"@type\":\"SearchAction\",\"target\":{\"@type\":\"EntryPoint\",\"urlTemplate\":\"https:\\\/\\\/junge-erwachsene-mit-krebs.de\\\/?s={search_term_string}\"},\"query-input\":{\"@type\":\"PropertyValueSpecification\",\"valueRequired\":true,\"valueName\":\"search_term_string\"}}],\"inLanguage\":\"de-LS\"},{\"@type\":\"Organization\",\"@id\":\"https:\\\/\\\/junge-erwachsene-mit-krebs.de\\\/#organization\",\"name\":\"Deutsche Stiftung f\u00fcr junge Erwachsene mit Krebs\",\"url\":\"https:\\\/\\\/junge-erwachsene-mit-krebs.de\\\/\",\"logo\":{\"@type\":\"ImageObject\",\"inLanguage\":\"de-LS\",\"@id\":\"https:\\\/\\\/junge-erwachsene-mit-krebs.de\\\/#\\\/schema\\\/logo\\\/image\\\/\",\"url\":\"https:\\\/\\\/junge-erwachsene-mit-krebs.de\\\/wp-content\\\/uploads\\\/2018\\\/09\\\/Logo_DSfjEmK-2018.jpg\",\"contentUrl\":\"https:\\\/\\\/junge-erwachsene-mit-krebs.de\\\/wp-content\\\/uploads\\\/2018\\\/09\\\/Logo_DSfjEmK-2018.jpg\",\"width\":1000,\"height\":1000,\"caption\":\"Deutsche Stiftung f\u00fcr junge Erwachsene mit Krebs\"},\"image\":{\"@id\":\"https:\\\/\\\/junge-erwachsene-mit-krebs.de\\\/#\\\/schema\\\/logo\\\/image\\\/\"}}]}<\/script>\n<!-- \/ Yoast SEO plugin. -->","yoast_head_json":{"title":"Startseite - DSFJEMK","description":"Pro Jahr erkranken etwa 16 500 junge Menschen zwischen 18 und 39 Jahren an Krebs. Die Stiftung ist Ansprechpartnerin f\u00fcr alle Fragen von Betroffenen.","robots":{"index":"index","follow":"follow","max-snippet":"max-snippet:-1","max-image-preview":"max-image-preview:large","max-video-preview":"max-video-preview:-1"},"canonical":"https:\/\/junge-erwachsene-mit-krebs.de\/ls\/","og_locale":"de_DE","og_type":"article","og_title":"Deutsche Stiftung f\u00fcr junge Erwachsene mit Krebs","og_description":"Pro Jahr erkranken etwa 16 500 junge Menschen zwischen 18 und 39 Jahren an Krebs. Die Deutsche Stiftung f\u00fcr junge Erwachsene mit Krebs ist Ansprechpartnerin f\u00fcr alle Fragen von Betroffenen, Angeh\u00f6rigen, Wissenschaftlern, Unterst\u00fctzern und der \u00d6ffentlichkeit.","og_url":"https:\/\/junge-erwachsene-mit-krebs.de\/ls\/","og_site_name":"DSFJEMK","article_modified_time":"2025-04-04T11:54:09+00:00","og_image":[{"url":"https:\/\/junge-erwachsene-mit-krebs.de\/wp-content\/uploads\/2018\/10\/Startseiten-Header-2-e1540391378335.png","type":"","width":"","height":""}],"twitter_card":"summary_large_image","twitter_title":"Deutsche Stiftung f\u00fcr junge Erwachsene mit Krebs","twitter_description":"Pro Jahr erkranken etwa 16 500 junge Menschen zwischen 18 und 39 Jahren an Krebs. Die Deutsche Stiftung f\u00fcr junge Erwachsene mit Krebs ist Ansprechpartnerin f\u00fcr alle Fragen von Betroffenen, Angeh\u00f6rigen, Wissenschaftlern, Unterst\u00fctzern und der \u00d6ffentlichkeit.","schema":{"@context":"https:\/\/schema.org","@graph":[{"@type":"WebPage","@id":"https:\/\/junge-erwachsene-mit-krebs.de\/ls\/","url":"https:\/\/junge-erwachsene-mit-krebs.de\/ls\/","name":"Startseite - DSFJEMK","isPartOf":{"@id":"https:\/\/junge-erwachsene-mit-krebs.de\/#website"},"datePublished":"2023-02-03T23:30:26+00:00","dateModified":"2025-04-04T11:54:09+00:00","description":"Pro Jahr erkranken etwa 16 500 junge Menschen zwischen 18 und 39 Jahren an Krebs. Die Stiftung ist Ansprechpartnerin f\u00fcr alle Fragen von Betroffenen.","breadcrumb":{"@id":"https:\/\/junge-erwachsene-mit-krebs.de\/ls\/#breadcrumb"},"inLanguage":"de-LS","potentialAction":[{"@type":"ReadAction","target":["https:\/\/junge-erwachsene-mit-krebs.de\/ls\/"]}]},{"@type":"BreadcrumbList","@id":"https:\/\/junge-erwachsene-mit-krebs.de\/ls\/#breadcrumb","itemListElement":[{"@type":"ListItem","position":1,"name":"Startseite","item":"https:\/\/junge-erwachsene-mit-krebs.de\/ls\/"},{"@type":"ListItem","position":2,"name":"Startseite"}]},{"@type":"WebSite","@id":"https:\/\/junge-erwachsene-mit-krebs.de\/#website","url":"https:\/\/junge-erwachsene-mit-krebs.de\/","name":"DSFJEMK","description":"Deutsche Stiftung f\u00fcr junge Erwachsene mit Krebs","publisher":{"@id":"https:\/\/junge-erwachsene-mit-krebs.de\/#organization"},"potentialAction":[{"@type":"SearchAction","target":{"@type":"EntryPoint","urlTemplate":"https:\/\/junge-erwachsene-mit-krebs.de\/?s={search_term_string}"},"query-input":{"@type":"PropertyValueSpecification","valueRequired":true,"valueName":"search_term_string"}}],"inLanguage":"de-LS"},{"@type":"Organization","@id":"https:\/\/junge-erwachsene-mit-krebs.de\/#organization","name":"Deutsche Stiftung f\u00fcr junge Erwachsene mit Krebs","url":"https:\/\/junge-erwachsene-mit-krebs.de\/","logo":{"@type":"ImageObject","inLanguage":"de-LS","@id":"https:\/\/junge-erwachsene-mit-krebs.de\/#\/schema\/logo\/image\/","url":"https:\/\/junge-erwachsene-mit-krebs.de\/wp-content\/uploads\/2018\/09\/Logo_DSfjEmK-2018.jpg","contentUrl":"https:\/\/junge-erwachsene-mit-krebs.de\/wp-content\/uploads\/2018\/09\/Logo_DSfjEmK-2018.jpg","width":1000,"height":1000,"caption":"Deutsche Stiftung f\u00fcr junge Erwachsene mit Krebs"},"image":{"@id":"https:\/\/junge-erwachsene-mit-krebs.de\/#\/schema\/logo\/image\/"}}]}},"campaignId":"0","_links":{"self":[{"href":"https:\/\/junge-erwachsene-mit-krebs.de\/ls\/wp-json\/wp\/v2\/pages\/21901","targetHints":{"allow":["GET"]}}],"collection":[{"href":"https:\/\/junge-erwachsene-mit-krebs.de\/ls\/wp-json\/wp\/v2\/pages"}],"about":[{"href":"https:\/\/junge-erwachsene-mit-krebs.de\/ls\/wp-json\/wp\/v2\/types\/page"}],"author":[{"embeddable":true,"href":"https:\/\/junge-erwachsene-mit-krebs.de\/ls\/wp-json\/wp\/v2\/users\/1"}],"replies":[{"embeddable":true,"href":"https:\/\/junge-erwachsene-mit-krebs.de\/ls\/wp-json\/wp\/v2\/comments?post=21901"}],"version-history":[{"count":0,"href":"https:\/\/junge-erwachsene-mit-krebs.de\/ls\/wp-json\/wp\/v2\/pages\/21901\/revisions"}],"wp:attachment":[{"href":"https:\/\/junge-erwachsene-mit-krebs.de\/ls\/wp-json\/wp\/v2\/media?parent=21901"}],"curies":[{"name":"wp","href":"https:\/\/api.w.org\/{rel}","templated":true}]}}